{"id":110,"date":"2021-02-17T21:45:56","date_gmt":"2021-02-17T20:45:56","guid":{"rendered":"https:\/\/gentianalutea.fr\/?page_id=110"},"modified":"2023-04-12T00:44:25","modified_gmt":"2023-04-11T22:44:25","slug":"cgv-champimousse","status":"publish","type":"page","link":"https:\/\/gentianalutea.fr\/index.php\/cgv-champimousse\/","title":{"rendered":"CGV Champimousse"},"content":{"rendered":"\t\t<div data-elementor-type=\"wp-page\" data-elementor-id=\"110\" class=\"elementor elementor-110\" data-elementor-post-type=\"page\">\n\t\t\t\t\t\t<section class=\"elementor-section elementor-top-section elementor-element elementor-element-514d42c6 elementor-section-boxed elementor-section-height-default elementor-section-height-default\" data-id=\"514d42c6\" data-element_type=\"section\" data-e-type=\"section\" data-settings=\"{&quot;background_background&quot;:&quot;classic&quot;}\">\n\t\t\t\t\t\t<div class=\"elementor-container elementor-column-gap-default\">\n\t\t\t\t\t<div class=\"elementor-column elementor-col-33 elementor-top-column elementor-element elementor-element-5967ed5b\" data-id=\"5967ed5b\" data-element_type=\"column\" data-e-type=\"column\">\n\t\t\t<div class=\"elementor-widget-wrap elementor-element-populated\">\n\t\t\t\t\t\t\t<\/div>\n\t\t<\/div>\n\t\t\t\t<div class=\"elementor-column elementor-col-33 elementor-top-column elementor-element elementor-element-fd73a74\" data-id=\"fd73a74\" data-element_type=\"column\" data-e-type=\"column\">\n\t\t\t<div class=\"elementor-widget-wrap elementor-element-populated\">\n\t\t\t\t\t\t<div class=\"elementor-element elementor-element-74d9dba5 elementor-widget elementor-widget-text-editor\" data-id=\"74d9dba5\" data-element_type=\"widget\" data-e-type=\"widget\" data-widget_type=\"text-editor.default\">\n\t\t\t\t<div class=\"elementor-widget-container\">\n\t\t\t\t\t\t\t\t\t<h1 style=\"text-align: center;\"><b>Conditions G\u00e9n\u00e9rales de Vente<\/b><\/h1>\t\t\t\t\t\t\t\t<\/div>\n\t\t\t\t<\/div>\n\t\t\t\t\t<\/div>\n\t\t<\/div>\n\t\t\t\t<div class=\"elementor-column elementor-col-33 elementor-top-column elementor-element elementor-element-3cffcc13\" data-id=\"3cffcc13\" data-element_type=\"column\" data-e-type=\"column\">\n\t\t\t<div class=\"elementor-widget-wrap elementor-element-populated\">\n\t\t\t\t\t\t\t<\/div>\n\t\t<\/div>\n\t\t\t\t\t<\/div>\n\t\t<\/section>\n\t\t\t\t<section class=\"elementor-section elementor-top-section elementor-element elementor-element-5a2062ca elementor-section-boxed elementor-section-height-default elementor-section-height-default\" data-id=\"5a2062ca\" data-element_type=\"section\" data-e-type=\"section\" data-settings=\"{&quot;background_background&quot;:&quot;classic&quot;}\">\n\t\t\t\t\t\t<div class=\"elementor-container elementor-column-gap-default\">\n\t\t\t\t\t<div class=\"elementor-column elementor-col-33 elementor-top-column elementor-element elementor-element-8f765d8\" data-id=\"8f765d8\" data-element_type=\"column\" data-e-type=\"column\">\n\t\t\t<div class=\"elementor-widget-wrap elementor-element-populated\">\n\t\t\t\t\t\t\t<\/div>\n\t\t<\/div>\n\t\t\t\t<div class=\"elementor-column elementor-col-33 elementor-top-column elementor-element elementor-element-4c7811aa\" data-id=\"4c7811aa\" data-element_type=\"column\" data-e-type=\"column\">\n\t\t\t<div class=\"elementor-widget-wrap elementor-element-populated\">\n\t\t\t\t\t\t<div class=\"elementor-element elementor-element-61627439 elementor-widget elementor-widget-text-editor\" data-id=\"61627439\" data-element_type=\"widget\" data-e-type=\"widget\" data-widget_type=\"text-editor.default\">\n\t\t\t\t<div class=\"elementor-widget-container\">\n\t\t\t\t\t\t\t\t\t<p style=\"margin-bottom: 0cm;\" align=\"JUSTIFY\">\u00a0<\/p><ol><li><p style=\"margin-bottom: 0.9cm;\" align=\"JUSTIFY\"><span style=\"font-family: Arial, sans-serif;\"><span style=\"font-size: medium;\">Cadre Juridique. Le cadre juridique qui s&rsquo;applique \u00e0 nos conditions g\u00e9n\u00e9rales de vente est, sauf dispositions particuli\u00e8res ci-apr\u00e8s, celui de la convention de Vienne.<\/span><\/span><\/p><\/li><li><p style=\"margin-bottom: 0.9cm;\" align=\"JUSTIFY\"><span style=\"font-family: Arial, sans-serif;\"><span style=\"font-size: medium;\">Obligations du vendeur. Fait g\u00e9n\u00e9rateur. Le contrat de vente est parfait d\u00e8s l&rsquo;acceptation par le vendeur dans tous ses termes et seulement dans ses termes du bon de commande \u00e9mis par l&rsquo;acheteur.<\/span><\/span><\/p><\/li><li><p style=\"margin-bottom: 0.9cm;\" align=\"JUSTIFY\"><span style=\"font-family: Arial, sans-serif;\"><span style=\"font-size: medium;\">Obligations de l&rsquo;acheteur. Fait g\u00e9n\u00e9rateur. Les obligations de l&rsquo;acheteur naissent d\u00e8s la transmission de son bon de commande par courrier \u00e9lectronique au vendeur, pourvu que ce dernier en manifeste l&rsquo;acceptation dans tous ses termes, \u00e9galement par courrier \u00e9lectronique, et que cette acceptation soit bien re\u00e7ue par l&rsquo;acheteur.<\/span><\/span><\/p><\/li><li><p style=\"margin-bottom: 0.9cm;\" align=\"JUSTIFY\"><span style=\"font-family: Arial, sans-serif;\"><span style=\"font-size: medium;\">Transfert du risque relatif \u00e0 l&rsquo;int\u00e9grit\u00e9 du produit. Le risque relatif \u00e0 l&rsquo;int\u00e9grit\u00e9 du produit sera transf\u00e9r\u00e9 du vendeur \u00e0 l&rsquo;acheteur conform\u00e9ment \u00e0 la Norme des Incoterms 2010 d\u00e9finie par La Chambre de Commerce Internationale.<\/span><\/span><\/p><\/li><li><p style=\"margin-bottom: 0.9cm;\" align=\"JUSTIFY\"><span style=\"font-family: Arial, sans-serif;\"><span style=\"font-size: medium;\">R\u00e8glement des \u00e9ventuels diff\u00e9rends. Tous diff\u00e9rends pouvant survenir \u00e0 l&rsquo;occasion des contrats conclu dans le cadre des pr\u00e9sentes conditions g\u00e9n\u00e9rales de vente seront tranch\u00e9s d\u00e9finitivement par voie d&rsquo;arbitrage suivant le r\u00e8glement d&rsquo;arbitrage de la chambre de commerce internationale par un ou plusieurs arbitres nomm\u00e9s conform\u00e9ment \u00e0 ce r\u00e8glement.<\/span><\/span><\/p><\/li><\/ol><p style=\"text-align: center;\" align=\"JUSTIFY\"><span style=\"font-family: Arial, sans-serif;\"><span style=\"font-size: xx-large;\">*****<\/span><\/span><\/p>\t\t\t\t\t\t\t\t<\/div>\n\t\t\t\t<\/div>\n\t\t\t\t\t<\/div>\n\t\t<\/div>\n\t\t\t\t<div class=\"elementor-column elementor-col-33 elementor-top-column elementor-element elementor-element-25f8fa95\" data-id=\"25f8fa95\" data-element_type=\"column\" data-e-type=\"column\">\n\t\t\t<div class=\"elementor-widget-wrap elementor-element-populated\">\n\t\t\t\t\t\t\t<\/div>\n\t\t<\/div>\n\t\t\t\t\t<\/div>\n\t\t<\/section>\n\t\t\t\t<section class=\"elementor-section elementor-top-section elementor-element elementor-element-4e60ce9d elementor-section-boxed elementor-section-height-default elementor-section-height-default\" data-id=\"4e60ce9d\" data-element_type=\"section\" data-e-type=\"section\" data-settings=\"{&quot;background_background&quot;:&quot;classic&quot;}\">\n\t\t\t\t\t\t<div class=\"elementor-container elementor-column-gap-default\">\n\t\t\t\t\t<div class=\"elementor-column elementor-col-100 elementor-top-column elementor-element elementor-element-7496bd24\" data-id=\"7496bd24\" data-element_type=\"column\" data-e-type=\"column\">\n\t\t\t<div class=\"elementor-widget-wrap elementor-element-populated\">\n\t\t\t\t\t\t\t<\/div>\n\t\t<\/div>\n\t\t\t\t\t<\/div>\n\t\t<\/section>\n\t\t\t\t<\/div>\n\t\t","protected":false},"excerpt":{"rendered":"<p>Conditions G\u00e9n\u00e9rales de Vente Cadre Juridique. Le cadre juridique qui s&rsquo;applique \u00e0 nos conditions g\u00e9n\u00e9rales de vente est, sauf dispositions particuli\u00e8res ci-apr\u00e8s, celui de la convention de Vienne. Obligations du vendeur. Fait g\u00e9n\u00e9rateur. Le contrat de vente est parfait d\u00e8s l&rsquo;acceptation par le vendeur dans tous ses termes et seulement dans ses termes du bon [&hellip;]<\/p>\n","protected":false},"author":2,"featured_media":0,"parent":0,"menu_order":0,"comment_status":"closed","ping_status":"closed","template":"","meta":{"ocean_post_layout":"","ocean_both_sidebars_style":"","ocean_both_sidebars_content_width":0,"ocean_both_sidebars_sidebars_width":0,"ocean_sidebar":"0","ocean_second_sidebar":"0","ocean_disable_margins":"enable","ocean_add_body_class":"","ocean_shortcode_before_top_bar":"","ocean_shortcode_after_top_bar":"","ocean_shortcode_before_header":"","ocean_shortcode_after_header":"","ocean_has_shortcode":"","ocean_shortcode_after_title":"","ocean_shortcode_before_footer_widgets":"","ocean_shortcode_after_footer_widgets":"","ocean_shortcode_before_footer_bottom":"","ocean_shortcode_after_footer_bottom":"","ocean_display_top_bar":"default","ocean_display_header":"default","ocean_header_style":"","ocean_center_header_left_menu":"0","ocean_custom_header_template":"0","ocean_custom_logo":0,"ocean_custom_retina_logo":0,"ocean_custom_logo_max_width":0,"ocean_custom_logo_tablet_max_width":0,"ocean_custom_logo_mobile_max_width":0,"ocean_custom_logo_max_height":0,"ocean_custom_logo_tablet_max_height":0,"ocean_custom_logo_mobile_max_height":0,"ocean_header_custom_menu":"0","ocean_menu_typo_font_family":"0","ocean_menu_typo_font_subset":"","ocean_menu_typo_font_size":0,"ocean_menu_typo_font_size_tablet":0,"ocean_menu_typo_font_size_mobile":0,"ocean_menu_typo_font_size_unit":"px","ocean_menu_typo_font_weight":"","ocean_menu_typo_font_weight_tablet":"","ocean_menu_typo_font_weight_mobile":"","ocean_menu_typo_transform":"","ocean_menu_typo_transform_tablet":"","ocean_menu_typo_transform_mobile":"","ocean_menu_typo_line_height":0,"ocean_menu_typo_line_height_tablet":0,"ocean_menu_typo_line_height_mobile":0,"ocean_menu_typo_line_height_unit":"","ocean_menu_typo_spacing":0,"ocean_menu_typo_spacing_tablet":0,"ocean_menu_typo_spacing_mobile":0,"ocean_menu_typo_spacing_unit":"","ocean_menu_link_color":"","ocean_menu_link_color_hover":"","ocean_menu_link_color_active":"","ocean_menu_link_background":"","ocean_menu_link_hover_background":"","ocean_menu_link_active_background":"","ocean_menu_social_links_bg":"","ocean_menu_social_hover_links_bg":"","ocean_menu_social_links_color":"","ocean_menu_social_hover_links_color":"","ocean_disable_title":"default","ocean_disable_heading":"default","ocean_post_title":"","ocean_post_subheading":"","ocean_post_title_style":"","ocean_post_title_background_color":"","ocean_post_title_background":0,"ocean_post_title_bg_image_position":"","ocean_post_title_bg_image_attachment":"","ocean_post_title_bg_image_repeat":"","ocean_post_title_bg_image_size":"","ocean_post_title_height":0,"ocean_post_title_bg_overlay":0.5,"ocean_post_title_bg_overlay_color":"","ocean_disable_breadcrumbs":"default","ocean_breadcrumbs_color":"","ocean_breadcrumbs_separator_color":"","ocean_breadcrumbs_links_color":"","ocean_breadcrumbs_links_hover_color":"","ocean_display_footer_widgets":"default","ocean_display_footer_bottom":"default","ocean_custom_footer_template":"0","footnotes":""},"class_list":["post-110","page","type-page","status-publish","hentry","entry","owp-thumbs-layout-horizontal","owp-btn-normal","owp-tabs-layout-horizontal","has-no-thumbnails","has-product-nav"],"yoast_head":"<!-- This site is optimized with the Yoast SEO plugin v27.3 - https:\/\/yoast.com\/product\/yoast-seo-wordpress\/ -->\n<title>CGV Champimousse - Gentiana lutea - Gentiane jaune<\/title>\n<meta name=\"description\" content=\"CGV de CHAMPIMOUSSE\" \/>\n<meta name=\"robots\" content=\"index, follow, max-snippet:-1, max-image-preview:large, max-video-preview:-1\" \/>\n<link rel=\"canonical\" href=\"https:\/\/gentianalutea.fr\/index.php\/cgv-champimousse\/\" \/>\n<meta property=\"og:locale\" content=\"fr_FR\" \/>\n<meta property=\"og:type\" content=\"article\" \/>\n<meta property=\"og:title\" content=\"CGV Champimousse - Gentiana lutea - Gentiane jaune\" \/>\n<meta property=\"og:description\" content=\"CGV de CHAMPIMOUSSE\" \/>\n<meta property=\"og:url\" content=\"https:\/\/gentianalutea.fr\/index.php\/cgv-champimousse\/\" \/>\n<meta property=\"og:site_name\" content=\"Gentiana lutea - Gentiane jaune\" \/>\n<meta property=\"article:modified_time\" content=\"2023-04-11T22:44:25+00:00\" \/>\n<meta name=\"twitter:card\" content=\"summary_large_image\" \/>\n<meta name=\"twitter:label1\" content=\"Dur\u00e9e de lecture estim\u00e9e\" \/>\n\t<meta name=\"twitter:data1\" content=\"1 minute\" \/>\n<script type=\"application\/ld+json\" class=\"yoast-schema-graph\">{\"@context\":\"https:\\\/\\\/schema.org\",\"@graph\":[{\"@type\":\"WebPage\",\"@id\":\"https:\\\/\\\/gentianalutea.fr\\\/index.php\\\/cgv-champimousse\\\/\",\"url\":\"https:\\\/\\\/gentianalutea.fr\\\/index.php\\\/cgv-champimousse\\\/\",\"name\":\"CGV Champimousse - Gentiana lutea - Gentiane jaune\",\"isPartOf\":{\"@id\":\"https:\\\/\\\/gentianalutea.fr\\\/#website\"},\"datePublished\":\"2021-02-17T20:45:56+00:00\",\"dateModified\":\"2023-04-11T22:44:25+00:00\",\"description\":\"CGV de CHAMPIMOUSSE\",\"breadcrumb\":{\"@id\":\"https:\\\/\\\/gentianalutea.fr\\\/index.php\\\/cgv-champimousse\\\/#breadcrumb\"},\"inLanguage\":\"fr-FR\",\"potentialAction\":[{\"@type\":\"ReadAction\",\"target\":[\"https:\\\/\\\/gentianalutea.fr\\\/index.php\\\/cgv-champimousse\\\/\"]}]},{\"@type\":\"BreadcrumbList\",\"@id\":\"https:\\\/\\\/gentianalutea.fr\\\/index.php\\\/cgv-champimousse\\\/#breadcrumb\",\"itemListElement\":[{\"@type\":\"ListItem\",\"position\":1,\"name\":\"Accueil\",\"item\":\"https:\\\/\\\/gentianalutea.fr\\\/\"},{\"@type\":\"ListItem\",\"position\":2,\"name\":\"CGV Champimousse\"}]},{\"@type\":\"WebSite\",\"@id\":\"https:\\\/\\\/gentianalutea.fr\\\/#website\",\"url\":\"https:\\\/\\\/gentianalutea.fr\\\/\",\"name\":\"Gentiana lutea - Gentiane jaune\",\"description\":\"Racines de gentiane Bio et Conventionnelles\",\"publisher\":{\"@id\":\"https:\\\/\\\/gentianalutea.fr\\\/#organization\"},\"alternateName\":\"Racines de gentiane en gros\",\"potentialAction\":[{\"@type\":\"SearchAction\",\"target\":{\"@type\":\"EntryPoint\",\"urlTemplate\":\"https:\\\/\\\/gentianalutea.fr\\\/?s={search_term_string}\"},\"query-input\":{\"@type\":\"PropertyValueSpecification\",\"valueRequired\":true,\"valueName\":\"search_term_string\"}}],\"inLanguage\":\"fr-FR\"},{\"@type\":\"Organization\",\"@id\":\"https:\\\/\\\/gentianalutea.fr\\\/#organization\",\"name\":\"Champimousse\",\"alternateName\":\"Gentiana lutea\",\"url\":\"https:\\\/\\\/gentianalutea.fr\\\/\",\"logo\":{\"@type\":\"ImageObject\",\"inLanguage\":\"fr-FR\",\"@id\":\"https:\\\/\\\/gentianalutea.fr\\\/#\\\/schema\\\/logo\\\/image\\\/\",\"url\":\"https:\\\/\\\/gentianalutea.fr\\\/wp-content\\\/uploads\\\/2023\\\/05\\\/cropped-En-tete-Champimousse.webp\",\"contentUrl\":\"https:\\\/\\\/gentianalutea.fr\\\/wp-content\\\/uploads\\\/2023\\\/05\\\/cropped-En-tete-Champimousse.webp\",\"width\":622,\"height\":171,\"caption\":\"Champimousse\"},\"image\":{\"@id\":\"https:\\\/\\\/gentianalutea.fr\\\/#\\\/schema\\\/logo\\\/image\\\/\"}}]}<\/script>\n<!-- \/ Yoast SEO plugin. -->","yoast_head_json":{"title":"CGV Champimousse - Gentiana lutea - Gentiane jaune","description":"CGV de CHAMPIMOUSSE","robots":{"index":"index","follow":"follow","max-snippet":"max-snippet:-1","max-image-preview":"max-image-preview:large","max-video-preview":"max-video-preview:-1"},"canonical":"https:\/\/gentianalutea.fr\/index.php\/cgv-champimousse\/","og_locale":"fr_FR","og_type":"article","og_title":"CGV Champimousse - Gentiana lutea - Gentiane jaune","og_description":"CGV de CHAMPIMOUSSE","og_url":"https:\/\/gentianalutea.fr\/index.php\/cgv-champimousse\/","og_site_name":"Gentiana lutea - Gentiane jaune","article_modified_time":"2023-04-11T22:44:25+00:00","twitter_card":"summary_large_image","twitter_misc":{"Dur\u00e9e de lecture estim\u00e9e":"1 minute"},"schema":{"@context":"https:\/\/schema.org","@graph":[{"@type":"WebPage","@id":"https:\/\/gentianalutea.fr\/index.php\/cgv-champimousse\/","url":"https:\/\/gentianalutea.fr\/index.php\/cgv-champimousse\/","name":"CGV Champimousse - Gentiana lutea - Gentiane jaune","isPartOf":{"@id":"https:\/\/gentianalutea.fr\/#website"},"datePublished":"2021-02-17T20:45:56+00:00","dateModified":"2023-04-11T22:44:25+00:00","description":"CGV de CHAMPIMOUSSE","breadcrumb":{"@id":"https:\/\/gentianalutea.fr\/index.php\/cgv-champimousse\/#breadcrumb"},"inLanguage":"fr-FR","potentialAction":[{"@type":"ReadAction","target":["https:\/\/gentianalutea.fr\/index.php\/cgv-champimousse\/"]}]},{"@type":"BreadcrumbList","@id":"https:\/\/gentianalutea.fr\/index.php\/cgv-champimousse\/#breadcrumb","itemListElement":[{"@type":"ListItem","position":1,"name":"Accueil","item":"https:\/\/gentianalutea.fr\/"},{"@type":"ListItem","position":2,"name":"CGV Champimousse"}]},{"@type":"WebSite","@id":"https:\/\/gentianalutea.fr\/#website","url":"https:\/\/gentianalutea.fr\/","name":"Gentiana lutea - Gentiane jaune","description":"Racines de gentiane Bio et Conventionnelles","publisher":{"@id":"https:\/\/gentianalutea.fr\/#organization"},"alternateName":"Racines de gentiane en gros","potentialAction":[{"@type":"SearchAction","target":{"@type":"EntryPoint","urlTemplate":"https:\/\/gentianalutea.fr\/?s={search_term_string}"},"query-input":{"@type":"PropertyValueSpecification","valueRequired":true,"valueName":"search_term_string"}}],"inLanguage":"fr-FR"},{"@type":"Organization","@id":"https:\/\/gentianalutea.fr\/#organization","name":"Champimousse","alternateName":"Gentiana lutea","url":"https:\/\/gentianalutea.fr\/","logo":{"@type":"ImageObject","inLanguage":"fr-FR","@id":"https:\/\/gentianalutea.fr\/#\/schema\/logo\/image\/","url":"https:\/\/gentianalutea.fr\/wp-content\/uploads\/2023\/05\/cropped-En-tete-Champimousse.webp","contentUrl":"https:\/\/gentianalutea.fr\/wp-content\/uploads\/2023\/05\/cropped-En-tete-Champimousse.webp","width":622,"height":171,"caption":"Champimousse"},"image":{"@id":"https:\/\/gentianalutea.fr\/#\/schema\/logo\/image\/"}}]}},"_links":{"self":[{"href":"https:\/\/gentianalutea.fr\/index.php\/wp-json\/wp\/v2\/pages\/110","targetHints":{"allow":["GET"]}}],"collection":[{"href":"https:\/\/gentianalutea.fr\/index.php\/wp-json\/wp\/v2\/pages"}],"about":[{"href":"https:\/\/gentianalutea.fr\/index.php\/wp-json\/wp\/v2\/types\/page"}],"author":[{"embeddable":true,"href":"https:\/\/gentianalutea.fr\/index.php\/wp-json\/wp\/v2\/users\/2"}],"replies":[{"embeddable":true,"href":"https:\/\/gentianalutea.fr\/index.php\/wp-json\/wp\/v2\/comments?post=110"}],"version-history":[{"count":0,"href":"https:\/\/gentianalutea.fr\/index.php\/wp-json\/wp\/v2\/pages\/110\/revisions"}],"wp:attachment":[{"href":"https:\/\/gentianalutea.fr\/index.php\/wp-json\/wp\/v2\/media?parent=110"}],"curies":[{"name":"wp","href":"https:\/\/api.w.org\/{rel}","templated":true}]}}