{"id":1860,"date":"2023-05-26T12:57:09","date_gmt":"2023-05-26T10:57:09","guid":{"rendered":"https:\/\/gentianalutea.fr\/?page_id=1860"},"modified":"2024-03-20T14:59:18","modified_gmt":"2024-03-20T13:59:18","slug":"echantillons-de-racines-de-gentiane","status":"publish","type":"page","link":"https:\/\/gentianalutea.fr\/index.php\/echantillons-de-racines-de-gentiane\/","title":{"rendered":"Echantillons de racines de gentiane"},"content":{"rendered":"\t\t<div data-elementor-type=\"wp-page\" data-elementor-id=\"1860\" class=\"elementor elementor-1860\" data-elementor-post-type=\"page\">\n\t\t\t\t\t\t<section class=\"elementor-section elementor-top-section elementor-element elementor-element-8756d2d elementor-section-boxed elementor-section-height-default elementor-section-height-default\" data-id=\"8756d2d\" data-element_type=\"section\" data-e-type=\"section\">\n\t\t\t\t\t\t<div class=\"elementor-container elementor-column-gap-default\">\n\t\t\t\t\t<div class=\"elementor-column elementor-col-100 elementor-top-column elementor-element elementor-element-45b8a9d\" data-id=\"45b8a9d\" data-element_type=\"column\" data-e-type=\"column\">\n\t\t\t<div class=\"elementor-widget-wrap elementor-element-populated\">\n\t\t\t\t\t\t<section class=\"elementor-section elementor-inner-section elementor-element elementor-element-0bad4c7 elementor-section-boxed elementor-section-height-default elementor-section-height-default\" data-id=\"0bad4c7\" data-element_type=\"section\" data-e-type=\"section\">\n\t\t\t\t\t\t<div class=\"elementor-container elementor-column-gap-default\">\n\t\t\t\t\t<div class=\"elementor-column elementor-col-100 elementor-inner-column elementor-element elementor-element-93e6888\" data-id=\"93e6888\" data-element_type=\"column\" data-e-type=\"column\">\n\t\t\t<div class=\"elementor-widget-wrap elementor-element-populated\">\n\t\t\t\t\t\t<div class=\"elementor-element elementor-element-7a9e1f5 elementor-widget elementor-widget-text-editor\" data-id=\"7a9e1f5\" data-element_type=\"widget\" data-e-type=\"widget\" data-widget_type=\"text-editor.default\">\n\t\t\t\t<div class=\"elementor-widget-container\">\n\t\t\t\t\t\t\t\t\t<h1>N&rsquo;h\u00e9sitez pas \u00e0 nous contacter pour avoir des \u00e9chantillons<\/h1>\t\t\t\t\t\t\t\t<\/div>\n\t\t\t\t<\/div>\n\t\t\t\t\t<\/div>\n\t\t<\/div>\n\t\t\t\t\t<\/div>\n\t\t<\/section>\n\t\t\t\t\t<\/div>\n\t\t<\/div>\n\t\t\t\t\t<\/div>\n\t\t<\/section>\n\t\t\t\t<section class=\"elementor-section elementor-top-section elementor-element elementor-element-54912b81 elementor-section-boxed elementor-section-height-default elementor-section-height-default\" data-id=\"54912b81\" data-element_type=\"section\" data-e-type=\"section\">\n\t\t\t\t\t\t<div class=\"elementor-container elementor-column-gap-default\">\n\t\t\t\t\t<div class=\"elementor-column elementor-col-100 elementor-top-column elementor-element elementor-element-a48d783\" data-id=\"a48d783\" data-element_type=\"column\" data-e-type=\"column\">\n\t\t\t<div class=\"elementor-widget-wrap elementor-element-populated\">\n\t\t\t\t\t\t<section class=\"elementor-section elementor-inner-section elementor-element elementor-element-489fe438 elementor-section-boxed elementor-section-height-default elementor-section-height-default\" data-id=\"489fe438\" data-element_type=\"section\" data-e-type=\"section\">\n\t\t\t\t\t\t<div class=\"elementor-container elementor-column-gap-default\">\n\t\t\t\t\t<div class=\"elementor-column elementor-col-33 elementor-inner-column elementor-element elementor-element-15331d24\" data-id=\"15331d24\" data-element_type=\"column\" data-e-type=\"column\" data-settings=\"{&quot;background_background&quot;:&quot;classic&quot;}\">\n\t\t\t<div class=\"elementor-widget-wrap elementor-element-populated\">\n\t\t\t\t\t\t<div class=\"elementor-element elementor-element-39bae83a elementor-widget elementor-widget-text-editor\" data-id=\"39bae83a\" data-element_type=\"widget\" data-e-type=\"widget\" data-widget_type=\"text-editor.default\">\n\t\t\t\t<div class=\"elementor-widget-container\">\n\t\t\t\t\t\t\t\t\t<p><img decoding=\"async\" class=\"details-image\" draggable=\"false\" src=\"https:\/\/gentianalutea.fr\/wp-content\/uploads\/2021\/02\/leabul2e-1.gif\" alt=\"\">&nbsp; Vos interlocuteurs seront Emmanuel et Hugo Picard<\/p>\n<p><img decoding=\"async\" class=\"details-image\" draggable=\"false\" src=\"https:\/\/gentianalutea.fr\/wp-content\/uploads\/2021\/02\/leabul2e-1.gif\" alt=\"\">&nbsp; T\u00e9l. : 04 66 32 07 21 et 06 86 17 17 46<\/p>\n<p><img decoding=\"async\" class=\"details-image\" draggable=\"false\" src=\"https:\/\/gentianalutea.fr\/wp-content\/uploads\/2021\/02\/leabul2e-1.gif\" alt=\"\">&nbsp; Courriel : <a href=\"mailto:contact@gentianalutea.fr\">contact@gentianalutea.fr<\/a><\/p>\t\t\t\t\t\t\t\t<\/div>\n\t\t\t\t<\/div>\n\t\t\t\t<div class=\"elementor-element elementor-element-eaa0f8e elementor-widget elementor-widget-text-editor\" data-id=\"eaa0f8e\" data-element_type=\"widget\" data-e-type=\"widget\" data-widget_type=\"text-editor.default\">\n\t\t\t\t<div class=\"elementor-widget-container\">\n\t\t\t\t\t\t\t\t\t<h2><img decoding=\"async\" class=\"details-image\" draggable=\"false\" src=\"https:\/\/gentianalutea.fr\/wp-content\/uploads\/2021\/02\/leabul1e.gif\" alt=\"\" \/> <span style=\"color: #008000;\"><span style=\"text-decoration: underline;\"><span style=\"color: #0000ff; text-decoration: underline;\"><a style=\"color: #0000ff; text-decoration: underline;\" href=\"https:\/\/gentianalutea.fr\/index.php\/contact\/\">Contactez<\/a>-nous<\/span><\/span> pour avoir un devis<br \/><\/span><\/h2>\t\t\t\t\t\t\t\t<\/div>\n\t\t\t\t<\/div>\n\t\t\t\t\t<\/div>\n\t\t<\/div>\n\t\t\t\t<div class=\"elementor-column elementor-col-33 elementor-inner-column elementor-element elementor-element-75d438a3\" data-id=\"75d438a3\" data-element_type=\"column\" data-e-type=\"column\">\n\t\t\t<div class=\"elementor-widget-wrap\">\n\t\t\t\t\t\t\t<\/div>\n\t\t<\/div>\n\t\t\t\t<div class=\"elementor-column elementor-col-33 elementor-inner-column elementor-element elementor-element-330453fe\" data-id=\"330453fe\" data-element_type=\"column\" data-e-type=\"column\" data-settings=\"{&quot;background_background&quot;:&quot;classic&quot;}\">\n\t\t\t<div class=\"elementor-widget-wrap elementor-element-populated\">\n\t\t\t\t\t\t<div class=\"elementor-element elementor-element-71e2df6a elementor-widget elementor-widget-image\" data-id=\"71e2df6a\" data-element_type=\"widget\" data-e-type=\"widget\" data-widget_type=\"image.default\">\n\t\t\t\t<div class=\"elementor-widget-container\">\n\t\t\t\t\t\t\t\t\t\t\t\t\t\t\t<img decoding=\"async\" src=\"https:\/\/gentianalutea.fr\/wp-content\/uploads\/2021\/05\/Sechoirs-Champimousse.png\" title=\"\" alt=\"\" loading=\"lazy\" \/>\t\t\t\t\t\t\t\t\t\t\t\t\t\t\t<\/div>\n\t\t\t\t<\/div>\n\t\t\t\t\t<\/div>\n\t\t<\/div>\n\t\t\t\t\t<\/div>\n\t\t<\/section>\n\t\t\t\t\t<\/div>\n\t\t<\/div>\n\t\t\t\t\t<\/div>\n\t\t<\/section>\n\t\t\t\t<section class=\"elementor-section elementor-top-section elementor-element elementor-element-a3e492c elementor-section-boxed elementor-section-height-default elementor-section-height-default\" data-id=\"a3e492c\" data-element_type=\"section\" data-e-type=\"section\">\n\t\t\t\t\t\t<div class=\"elementor-container elementor-column-gap-default\">\n\t\t\t\t\t<div class=\"elementor-column elementor-col-100 elementor-top-column elementor-element elementor-element-7e9f49d\" data-id=\"7e9f49d\" data-element_type=\"column\" data-e-type=\"column\">\n\t\t\t<div class=\"elementor-widget-wrap elementor-element-populated\">\n\t\t\t\t\t\t<div class=\"elementor-element elementor-element-7dd5ab3 elementor-widget elementor-widget-text-editor\" data-id=\"7dd5ab3\" data-element_type=\"widget\" data-e-type=\"widget\" data-widget_type=\"text-editor.default\">\n\t\t\t\t<div class=\"elementor-widget-container\">\n\t\t\t\t\t\t\t\t\t<h2><img decoding=\"async\" class=\"details-image\" draggable=\"false\" src=\"https:\/\/gentianalutea.fr\/wp-content\/uploads\/2021\/02\/leabul1e.gif\" alt=\"\" \/> <span style=\"color: #008000;\"><span style=\"text-decoration: underline; color: #0000ff;\"><a style=\"color: #0000ff; text-decoration: underline;\" href=\"https:\/\/gentianalutea.fr\/index.php\/echantillons-de-racines-de-gentiane\/\">Demandez-nous<\/a><\/span> des \u00e9chantillons<br \/><\/span><\/h2>\t\t\t\t\t\t\t\t<\/div>\n\t\t\t\t<\/div>\n\t\t\t\t\t<\/div>\n\t\t<\/div>\n\t\t\t\t\t<\/div>\n\t\t<\/section>\n\t\t\t\t<section class=\"elementor-section elementor-top-section elementor-element elementor-element-a9952a9 elementor-section-boxed elementor-section-height-default elementor-section-height-default\" data-id=\"a9952a9\" data-element_type=\"section\" data-e-type=\"section\">\n\t\t\t\t\t\t<div class=\"elementor-container elementor-column-gap-default\">\n\t\t\t\t\t<div class=\"elementor-column elementor-col-50 elementor-top-column elementor-element elementor-element-75b4d63\" data-id=\"75b4d63\" data-element_type=\"column\" data-e-type=\"column\">\n\t\t\t<div class=\"elementor-widget-wrap elementor-element-populated\">\n\t\t\t\t\t\t<div class=\"elementor-element elementor-element-58503cd elementor-widget elementor-widget-text-editor\" data-id=\"58503cd\" data-element_type=\"widget\" data-e-type=\"widget\" data-widget_type=\"text-editor.default\">\n\t\t\t\t<div class=\"elementor-widget-container\">\n\t\t\t\t\t\t\t\t\t<h2>Note : Pour les particuliers<\/h2>\t\t\t\t\t\t\t\t<\/div>\n\t\t\t\t<\/div>\n\t\t\t\t\t<\/div>\n\t\t<\/div>\n\t\t\t\t<div class=\"elementor-column elementor-col-50 elementor-top-column elementor-element elementor-element-01e690c\" data-id=\"01e690c\" data-element_type=\"column\" data-e-type=\"column\">\n\t\t\t<div class=\"elementor-widget-wrap\">\n\t\t\t\t\t\t\t<\/div>\n\t\t<\/div>\n\t\t\t\t\t<\/div>\n\t\t<\/section>\n\t\t\t\t<section class=\"elementor-section elementor-top-section elementor-element elementor-element-45631df elementor-section-boxed elementor-section-height-default elementor-section-height-default\" data-id=\"45631df\" data-element_type=\"section\" data-e-type=\"section\">\n\t\t\t\t\t\t<div class=\"elementor-container elementor-column-gap-default\">\n\t\t\t\t\t<div class=\"elementor-column elementor-col-100 elementor-top-column elementor-element elementor-element-53e840c\" data-id=\"53e840c\" data-element_type=\"column\" data-e-type=\"column\">\n\t\t\t<div class=\"elementor-widget-wrap elementor-element-populated\">\n\t\t\t\t\t\t<div class=\"elementor-element elementor-element-fba7698 elementor-widget elementor-widget-text-editor\" data-id=\"fba7698\" data-element_type=\"widget\" data-e-type=\"widget\" data-widget_type=\"text-editor.default\">\n\t\t\t\t<div class=\"elementor-widget-container\">\n\t\t\t\t\t\t\t\t\t<p>Vous \u00eates un particulier et recherchez des racines de gentiane en petite quantit\u00e9 ?<br \/>Vous trouverez ces racines sur <a href=\"https:\/\/racine-gentiane.com\"><span style=\"text-decoration: underline;\">racine-gentiane.com <\/span><\/a>!<\/p>\t\t\t\t\t\t\t\t<\/div>\n\t\t\t\t<\/div>\n\t\t\t\t\t<\/div>\n\t\t<\/div>\n\t\t\t\t\t<\/div>\n\t\t<\/section>\n\t\t\t\t<\/div>\n\t\t","protected":false},"excerpt":{"rendered":"<p>N&rsquo;h\u00e9sitez pas \u00e0 nous contacter pour avoir des \u00e9chantillons &nbsp; Vos interlocuteurs seront Emmanuel et Hugo Picard &nbsp; T\u00e9l. : 04 66 32 07 21 et 06 86 17 17 46 &nbsp; Courriel : contact@gentianalutea.fr Contactez-nous pour avoir un devis Demandez-nous des \u00e9chantillons Note : Pour les particuliers Vous \u00eates un particulier et recherchez des [&hellip;]<\/p>\n","protected":false},"author":2,"featured_media":0,"parent":0,"menu_order":0,"comment_status":"closed","ping_status":"closed","template":"","meta":{"ocean_post_layout":"","ocean_both_sidebars_style":"","ocean_both_sidebars_content_width":0,"ocean_both_sidebars_sidebars_width":0,"ocean_sidebar":"0","ocean_second_sidebar":"0","ocean_disable_margins":"enable","ocean_add_body_class":"","ocean_shortcode_before_top_bar":"","ocean_shortcode_after_top_bar":"","ocean_shortcode_before_header":"","ocean_shortcode_after_header":"","ocean_has_shortcode":"","ocean_shortcode_after_title":"","ocean_shortcode_before_footer_widgets":"","ocean_shortcode_after_footer_widgets":"","ocean_shortcode_before_footer_bottom":"","ocean_shortcode_after_footer_bottom":"","ocean_display_top_bar":"default","ocean_display_header":"default","ocean_header_style":"","ocean_center_header_left_menu":"0","ocean_custom_header_template":"0","ocean_custom_logo":0,"ocean_custom_retina_logo":0,"ocean_custom_logo_max_width":0,"ocean_custom_logo_tablet_max_width":0,"ocean_custom_logo_mobile_max_width":0,"ocean_custom_logo_max_height":0,"ocean_custom_logo_tablet_max_height":0,"ocean_custom_logo_mobile_max_height":0,"ocean_header_custom_menu":"0","ocean_menu_typo_font_family":"0","ocean_menu_typo_font_subset":"","ocean_menu_typo_font_size":0,"ocean_menu_typo_font_size_tablet":0,"ocean_menu_typo_font_size_mobile":0,"ocean_menu_typo_font_size_unit":"px","ocean_menu_typo_font_weight":"","ocean_menu_typo_font_weight_tablet":"","ocean_menu_typo_font_weight_mobile":"","ocean_menu_typo_transform":"","ocean_menu_typo_transform_tablet":"","ocean_menu_typo_transform_mobile":"","ocean_menu_typo_line_height":0,"ocean_menu_typo_line_height_tablet":0,"ocean_menu_typo_line_height_mobile":0,"ocean_menu_typo_line_height_unit":"","ocean_menu_typo_spacing":0,"ocean_menu_typo_spacing_tablet":0,"ocean_menu_typo_spacing_mobile":0,"ocean_menu_typo_spacing_unit":"","ocean_menu_link_color":"","ocean_menu_link_color_hover":"","ocean_menu_link_color_active":"","ocean_menu_link_background":"","ocean_menu_link_hover_background":"","ocean_menu_link_active_background":"","ocean_menu_social_links_bg":"","ocean_menu_social_hover_links_bg":"","ocean_menu_social_links_color":"","ocean_menu_social_hover_links_color":"","ocean_disable_title":"default","ocean_disable_heading":"default","ocean_post_title":"","ocean_post_subheading":"","ocean_post_title_style":"","ocean_post_title_background_color":"","ocean_post_title_background":0,"ocean_post_title_bg_image_position":"","ocean_post_title_bg_image_attachment":"","ocean_post_title_bg_image_repeat":"","ocean_post_title_bg_image_size":"","ocean_post_title_height":0,"ocean_post_title_bg_overlay":0.5,"ocean_post_title_bg_overlay_color":"","ocean_disable_breadcrumbs":"default","ocean_breadcrumbs_color":"","ocean_breadcrumbs_separator_color":"","ocean_breadcrumbs_links_color":"","ocean_breadcrumbs_links_hover_color":"","ocean_display_footer_widgets":"default","ocean_display_footer_bottom":"default","ocean_custom_footer_template":"0","footnotes":""},"class_list":["post-1860","page","type-page","status-publish","hentry","entry","owp-thumbs-layout-horizontal","owp-btn-normal","owp-tabs-layout-horizontal","has-no-thumbnails","has-product-nav"],"yoast_head":"<!-- This site is optimized with the Yoast SEO plugin v27.4 - https:\/\/yoast.com\/product\/yoast-seo-wordpress\/ -->\n<title>Echantillons de racines de gentiane - Gentiana lutea - Gentiane jaune<\/title>\n<meta name=\"robots\" content=\"index, follow, max-snippet:-1, max-image-preview:large, max-video-preview:-1\" \/>\n<link rel=\"canonical\" href=\"https:\/\/gentianalutea.fr\/index.php\/echantillons-de-racines-de-gentiane\/\" \/>\n<meta property=\"og:locale\" content=\"fr_FR\" \/>\n<meta property=\"og:type\" content=\"article\" \/>\n<meta property=\"og:title\" content=\"Echantillons de racines de gentiane - Gentiana lutea - Gentiane jaune\" \/>\n<meta property=\"og:description\" content=\"N&rsquo;h\u00e9sitez pas \u00e0 nous contacter pour avoir des \u00e9chantillons &nbsp; Vos interlocuteurs seront Emmanuel et Hugo Picard &nbsp; T\u00e9l. : 04 66 32 07 21 et 06 86 17 17 46 &nbsp; Courriel : contact@gentianalutea.fr Contactez-nous pour avoir un devis Demandez-nous des \u00e9chantillons Note : Pour les particuliers Vous \u00eates un particulier et recherchez des [&hellip;]\" \/>\n<meta property=\"og:url\" content=\"https:\/\/gentianalutea.fr\/index.php\/echantillons-de-racines-de-gentiane\/\" \/>\n<meta property=\"og:site_name\" content=\"Gentiana lutea - Gentiane jaune\" \/>\n<meta property=\"article:modified_time\" content=\"2024-03-20T13:59:18+00:00\" \/>\n<meta property=\"og:image\" content=\"https:\/\/gentianalutea.fr\/wp-content\/uploads\/2021\/02\/leabul2e-1.gif\" \/>\n<meta name=\"twitter:card\" content=\"summary_large_image\" \/>\n<meta name=\"twitter:label1\" content=\"Dur\u00e9e de lecture estim\u00e9e\" \/>\n\t<meta name=\"twitter:data1\" content=\"2 minutes\" \/>\n<script type=\"application\/ld+json\" class=\"yoast-schema-graph\">{\"@context\":\"https:\\\/\\\/schema.org\",\"@graph\":[{\"@type\":\"WebPage\",\"@id\":\"https:\\\/\\\/gentianalutea.fr\\\/index.php\\\/echantillons-de-racines-de-gentiane\\\/\",\"url\":\"https:\\\/\\\/gentianalutea.fr\\\/index.php\\\/echantillons-de-racines-de-gentiane\\\/\",\"name\":\"Echantillons de racines de gentiane - Gentiana lutea - Gentiane jaune\",\"isPartOf\":{\"@id\":\"https:\\\/\\\/gentianalutea.fr\\\/#website\"},\"primaryImageOfPage\":{\"@id\":\"https:\\\/\\\/gentianalutea.fr\\\/index.php\\\/echantillons-de-racines-de-gentiane\\\/#primaryimage\"},\"image\":{\"@id\":\"https:\\\/\\\/gentianalutea.fr\\\/index.php\\\/echantillons-de-racines-de-gentiane\\\/#primaryimage\"},\"thumbnailUrl\":\"https:\\\/\\\/gentianalutea.fr\\\/wp-content\\\/uploads\\\/2021\\\/02\\\/leabul2e-1.gif\",\"datePublished\":\"2023-05-26T10:57:09+00:00\",\"dateModified\":\"2024-03-20T13:59:18+00:00\",\"breadcrumb\":{\"@id\":\"https:\\\/\\\/gentianalutea.fr\\\/index.php\\\/echantillons-de-racines-de-gentiane\\\/#breadcrumb\"},\"inLanguage\":\"fr-FR\",\"potentialAction\":[{\"@type\":\"ReadAction\",\"target\":[\"https:\\\/\\\/gentianalutea.fr\\\/index.php\\\/echantillons-de-racines-de-gentiane\\\/\"]}]},{\"@type\":\"ImageObject\",\"inLanguage\":\"fr-FR\",\"@id\":\"https:\\\/\\\/gentianalutea.fr\\\/index.php\\\/echantillons-de-racines-de-gentiane\\\/#primaryimage\",\"url\":\"https:\\\/\\\/gentianalutea.fr\\\/wp-content\\\/uploads\\\/2021\\\/02\\\/leabul2e-1.gif\",\"contentUrl\":\"https:\\\/\\\/gentianalutea.fr\\\/wp-content\\\/uploads\\\/2021\\\/02\\\/leabul2e-1.gif\",\"width\":12,\"height\":12},{\"@type\":\"BreadcrumbList\",\"@id\":\"https:\\\/\\\/gentianalutea.fr\\\/index.php\\\/echantillons-de-racines-de-gentiane\\\/#breadcrumb\",\"itemListElement\":[{\"@type\":\"ListItem\",\"position\":1,\"name\":\"Accueil\",\"item\":\"https:\\\/\\\/gentianalutea.fr\\\/\"},{\"@type\":\"ListItem\",\"position\":2,\"name\":\"Echantillons de racines de gentiane\"}]},{\"@type\":\"WebSite\",\"@id\":\"https:\\\/\\\/gentianalutea.fr\\\/#website\",\"url\":\"https:\\\/\\\/gentianalutea.fr\\\/\",\"name\":\"Gentiana lutea - Gentiane jaune\",\"description\":\"Racines de gentiane Bio et Conventionnelles\",\"publisher\":{\"@id\":\"https:\\\/\\\/gentianalutea.fr\\\/#organization\"},\"alternateName\":\"Racines de gentiane en gros\",\"potentialAction\":[{\"@type\":\"SearchAction\",\"target\":{\"@type\":\"EntryPoint\",\"urlTemplate\":\"https:\\\/\\\/gentianalutea.fr\\\/?s={search_term_string}\"},\"query-input\":{\"@type\":\"PropertyValueSpecification\",\"valueRequired\":true,\"valueName\":\"search_term_string\"}}],\"inLanguage\":\"fr-FR\"},{\"@type\":\"Organization\",\"@id\":\"https:\\\/\\\/gentianalutea.fr\\\/#organization\",\"name\":\"Champimousse\",\"alternateName\":\"Gentiana lutea\",\"url\":\"https:\\\/\\\/gentianalutea.fr\\\/\",\"logo\":{\"@type\":\"ImageObject\",\"inLanguage\":\"fr-FR\",\"@id\":\"https:\\\/\\\/gentianalutea.fr\\\/#\\\/schema\\\/logo\\\/image\\\/\",\"url\":\"https:\\\/\\\/gentianalutea.fr\\\/wp-content\\\/uploads\\\/2023\\\/05\\\/cropped-En-tete-Champimousse.webp\",\"contentUrl\":\"https:\\\/\\\/gentianalutea.fr\\\/wp-content\\\/uploads\\\/2023\\\/05\\\/cropped-En-tete-Champimousse.webp\",\"width\":622,\"height\":171,\"caption\":\"Champimousse\"},\"image\":{\"@id\":\"https:\\\/\\\/gentianalutea.fr\\\/#\\\/schema\\\/logo\\\/image\\\/\"}}]}<\/script>\n<!-- \/ Yoast SEO plugin. -->","yoast_head_json":{"title":"Echantillons de racines de gentiane - Gentiana lutea - Gentiane jaune","robots":{"index":"index","follow":"follow","max-snippet":"max-snippet:-1","max-image-preview":"max-image-preview:large","max-video-preview":"max-video-preview:-1"},"canonical":"https:\/\/gentianalutea.fr\/index.php\/echantillons-de-racines-de-gentiane\/","og_locale":"fr_FR","og_type":"article","og_title":"Echantillons de racines de gentiane - Gentiana lutea - Gentiane jaune","og_description":"N&rsquo;h\u00e9sitez pas \u00e0 nous contacter pour avoir des \u00e9chantillons &nbsp; Vos interlocuteurs seront Emmanuel et Hugo Picard &nbsp; T\u00e9l. : 04 66 32 07 21 et 06 86 17 17 46 &nbsp; Courriel : contact@gentianalutea.fr Contactez-nous pour avoir un devis Demandez-nous des \u00e9chantillons Note : Pour les particuliers Vous \u00eates un particulier et recherchez des [&hellip;]","og_url":"https:\/\/gentianalutea.fr\/index.php\/echantillons-de-racines-de-gentiane\/","og_site_name":"Gentiana lutea - Gentiane jaune","article_modified_time":"2024-03-20T13:59:18+00:00","og_image":[{"url":"https:\/\/gentianalutea.fr\/wp-content\/uploads\/2021\/02\/leabul2e-1.gif","type":"","width":"","height":""}],"twitter_card":"summary_large_image","twitter_misc":{"Dur\u00e9e de lecture estim\u00e9e":"2 minutes"},"schema":{"@context":"https:\/\/schema.org","@graph":[{"@type":"WebPage","@id":"https:\/\/gentianalutea.fr\/index.php\/echantillons-de-racines-de-gentiane\/","url":"https:\/\/gentianalutea.fr\/index.php\/echantillons-de-racines-de-gentiane\/","name":"Echantillons de racines de gentiane - Gentiana lutea - Gentiane jaune","isPartOf":{"@id":"https:\/\/gentianalutea.fr\/#website"},"primaryImageOfPage":{"@id":"https:\/\/gentianalutea.fr\/index.php\/echantillons-de-racines-de-gentiane\/#primaryimage"},"image":{"@id":"https:\/\/gentianalutea.fr\/index.php\/echantillons-de-racines-de-gentiane\/#primaryimage"},"thumbnailUrl":"https:\/\/gentianalutea.fr\/wp-content\/uploads\/2021\/02\/leabul2e-1.gif","datePublished":"2023-05-26T10:57:09+00:00","dateModified":"2024-03-20T13:59:18+00:00","breadcrumb":{"@id":"https:\/\/gentianalutea.fr\/index.php\/echantillons-de-racines-de-gentiane\/#breadcrumb"},"inLanguage":"fr-FR","potentialAction":[{"@type":"ReadAction","target":["https:\/\/gentianalutea.fr\/index.php\/echantillons-de-racines-de-gentiane\/"]}]},{"@type":"ImageObject","inLanguage":"fr-FR","@id":"https:\/\/gentianalutea.fr\/index.php\/echantillons-de-racines-de-gentiane\/#primaryimage","url":"https:\/\/gentianalutea.fr\/wp-content\/uploads\/2021\/02\/leabul2e-1.gif","contentUrl":"https:\/\/gentianalutea.fr\/wp-content\/uploads\/2021\/02\/leabul2e-1.gif","width":12,"height":12},{"@type":"BreadcrumbList","@id":"https:\/\/gentianalutea.fr\/index.php\/echantillons-de-racines-de-gentiane\/#breadcrumb","itemListElement":[{"@type":"ListItem","position":1,"name":"Accueil","item":"https:\/\/gentianalutea.fr\/"},{"@type":"ListItem","position":2,"name":"Echantillons de racines de gentiane"}]},{"@type":"WebSite","@id":"https:\/\/gentianalutea.fr\/#website","url":"https:\/\/gentianalutea.fr\/","name":"Gentiana lutea - Gentiane jaune","description":"Racines de gentiane Bio et Conventionnelles","publisher":{"@id":"https:\/\/gentianalutea.fr\/#organization"},"alternateName":"Racines de gentiane en gros","potentialAction":[{"@type":"SearchAction","target":{"@type":"EntryPoint","urlTemplate":"https:\/\/gentianalutea.fr\/?s={search_term_string}"},"query-input":{"@type":"PropertyValueSpecification","valueRequired":true,"valueName":"search_term_string"}}],"inLanguage":"fr-FR"},{"@type":"Organization","@id":"https:\/\/gentianalutea.fr\/#organization","name":"Champimousse","alternateName":"Gentiana lutea","url":"https:\/\/gentianalutea.fr\/","logo":{"@type":"ImageObject","inLanguage":"fr-FR","@id":"https:\/\/gentianalutea.fr\/#\/schema\/logo\/image\/","url":"https:\/\/gentianalutea.fr\/wp-content\/uploads\/2023\/05\/cropped-En-tete-Champimousse.webp","contentUrl":"https:\/\/gentianalutea.fr\/wp-content\/uploads\/2023\/05\/cropped-En-tete-Champimousse.webp","width":622,"height":171,"caption":"Champimousse"},"image":{"@id":"https:\/\/gentianalutea.fr\/#\/schema\/logo\/image\/"}}]}},"_links":{"self":[{"href":"https:\/\/gentianalutea.fr\/index.php\/wp-json\/wp\/v2\/pages\/1860","targetHints":{"allow":["GET"]}}],"collection":[{"href":"https:\/\/gentianalutea.fr\/index.php\/wp-json\/wp\/v2\/pages"}],"about":[{"href":"https:\/\/gentianalutea.fr\/index.php\/wp-json\/wp\/v2\/types\/page"}],"author":[{"embeddable":true,"href":"https:\/\/gentianalutea.fr\/index.php\/wp-json\/wp\/v2\/users\/2"}],"replies":[{"embeddable":true,"href":"https:\/\/gentianalutea.fr\/index.php\/wp-json\/wp\/v2\/comments?post=1860"}],"version-history":[{"count":14,"href":"https:\/\/gentianalutea.fr\/index.php\/wp-json\/wp\/v2\/pages\/1860\/revisions"}],"predecessor-version":[{"id":1960,"href":"https:\/\/gentianalutea.fr\/index.php\/wp-json\/wp\/v2\/pages\/1860\/revisions\/1960"}],"wp:attachment":[{"href":"https:\/\/gentianalutea.fr\/index.php\/wp-json\/wp\/v2\/media?parent=1860"}],"curies":[{"name":"wp","href":"https:\/\/api.w.org\/{rel}","templated":true}]}}