{"id":2027,"date":"2024-12-09T16:41:51","date_gmt":"2024-12-09T15:41:51","guid":{"rendered":"https:\/\/gentianalutea.fr\/?page_id=2027"},"modified":"2024-12-09T16:53:28","modified_gmt":"2024-12-09T15:53:28","slug":"quantite-de-racines-de-gentiane-commandee","status":"publish","type":"page","link":"https:\/\/gentianalutea.fr\/index.php\/quantite-de-racines-de-gentiane-commandee\/","title":{"rendered":"Quantit\u00e9 de racines de gentiane command\u00e9e"},"content":{"rendered":"\t\t<div data-elementor-type=\"wp-page\" data-elementor-id=\"2027\" class=\"elementor elementor-2027\" data-elementor-post-type=\"page\">\n\t\t\t\t\t\t<section class=\"elementor-section elementor-top-section elementor-element elementor-element-10868cb4 elementor-section-boxed elementor-section-height-default elementor-section-height-default\" data-id=\"10868cb4\" data-element_type=\"section\" data-e-type=\"section\">\n\t\t\t\t\t\t<div class=\"elementor-container elementor-column-gap-default\">\n\t\t\t\t\t<div class=\"elementor-column elementor-col-100 elementor-top-column elementor-element elementor-element-6be8c846\" data-id=\"6be8c846\" data-element_type=\"column\" data-e-type=\"column\">\n\t\t\t<div class=\"elementor-widget-wrap elementor-element-populated\">\n\t\t\t\t\t\t<section class=\"elementor-section elementor-inner-section elementor-element elementor-element-4a38888a elementor-section-boxed elementor-section-height-default elementor-section-height-default\" data-id=\"4a38888a\" data-element_type=\"section\" data-e-type=\"section\">\n\t\t\t\t\t\t<div class=\"elementor-container elementor-column-gap-default\">\n\t\t\t\t\t<div class=\"elementor-column elementor-col-100 elementor-inner-column elementor-element elementor-element-2fa92bfd\" data-id=\"2fa92bfd\" data-element_type=\"column\" data-e-type=\"column\">\n\t\t\t<div class=\"elementor-widget-wrap elementor-element-populated\">\n\t\t\t\t\t\t<div class=\"elementor-element elementor-element-133a9d6 elementor-widget elementor-widget-text-editor\" data-id=\"133a9d6\" data-element_type=\"widget\" data-e-type=\"widget\" data-widget_type=\"text-editor.default\">\n\t\t\t\t<div class=\"elementor-widget-container\">\n\t\t\t\t\t\t\t\t\t<h1><span style=\"color: #008000; font-family: Arial;\"><big><big>Nous vous livrons la quantit\u00e9 dont vous avez besoin<br \/><\/big><\/big><\/span><\/h1>\t\t\t\t\t\t\t\t<\/div>\n\t\t\t\t<\/div>\n\t\t\t\t<div class=\"elementor-element elementor-element-dd1e259 elementor-widget elementor-widget-text-editor\" data-id=\"dd1e259\" data-element_type=\"widget\" data-e-type=\"widget\" data-widget_type=\"text-editor.default\">\n\t\t\t\t<div class=\"elementor-widget-container\">\n\t\t\t\t\t\t\t\t\t<p>De 10 kg \u00e0 5 tonnes du produit que vous avez choisi<\/p>\t\t\t\t\t\t\t\t<\/div>\n\t\t\t\t<\/div>\n\t\t\t\t\t<\/div>\n\t\t<\/div>\n\t\t\t\t\t<\/div>\n\t\t<\/section>\n\t\t\t\t<section class=\"elementor-section elementor-inner-section elementor-element elementor-element-849f1de elementor-section-boxed elementor-section-height-default elementor-section-height-default\" data-id=\"849f1de\" data-element_type=\"section\" data-e-type=\"section\">\n\t\t\t\t\t\t<div class=\"elementor-container elementor-column-gap-default\">\n\t\t\t\t\t<div class=\"elementor-column elementor-col-50 elementor-inner-column elementor-element elementor-element-c603157\" data-id=\"c603157\" data-element_type=\"column\" data-e-type=\"column\">\n\t\t\t<div class=\"elementor-widget-wrap elementor-element-populated\">\n\t\t\t\t\t\t<div class=\"elementor-element elementor-element-564fe37 elementor-widget elementor-widget-text-editor\" data-id=\"564fe37\" data-element_type=\"widget\" data-e-type=\"widget\" data-widget_type=\"text-editor.default\">\n\t\t\t\t<div class=\"elementor-widget-container\">\n\t\t\t\t\t\t\t\t\t<h2><span style=\"color: #008000; font-family: Arial;\"><big><big><img decoding=\"async\" draggable=\"false\" src=\"https:\/\/gentianalutea.fr\/wp-content\/uploads\/2021\/02\/leabul1e.gif\" alt=\"\" \/> Livraison <span style=\"text-decoration: underline;\"><span style=\"color: #0000ff;\">dans le monde entier<\/span><\/span><\/big><\/big><\/span><\/h2>\t\t\t\t\t\t\t\t<\/div>\n\t\t\t\t<\/div>\n\t\t\t\t\t<\/div>\n\t\t<\/div>\n\t\t\t\t<div class=\"elementor-column elementor-col-50 elementor-inner-column elementor-element elementor-element-3dcc8db\" data-id=\"3dcc8db\" data-element_type=\"column\" data-e-type=\"column\">\n\t\t\t<div class=\"elementor-widget-wrap\">\n\t\t\t\t\t\t\t<\/div>\n\t\t<\/div>\n\t\t\t\t\t<\/div>\n\t\t<\/section>\n\t\t\t\t<section class=\"elementor-section elementor-inner-section elementor-element elementor-element-39ba9de elementor-section-boxed elementor-section-height-default elementor-section-height-default\" data-id=\"39ba9de\" data-element_type=\"section\" data-e-type=\"section\">\n\t\t\t\t\t\t<div class=\"elementor-container elementor-column-gap-default\">\n\t\t\t\t\t<div class=\"elementor-column elementor-col-50 elementor-inner-column elementor-element elementor-element-0bfd745\" data-id=\"0bfd745\" data-element_type=\"column\" data-e-type=\"column\">\n\t\t\t<div class=\"elementor-widget-wrap elementor-element-populated\">\n\t\t\t\t\t\t<div class=\"elementor-element elementor-element-94a2034 elementor-widget elementor-widget-text-editor\" data-id=\"94a2034\" data-element_type=\"widget\" data-e-type=\"widget\" data-widget_type=\"text-editor.default\">\n\t\t\t\t<div class=\"elementor-widget-container\">\n\t\t\t\t\t\t\t\t\t<h2><span style=\"color: #008000; font-family: Arial;\"><big><big><img decoding=\"async\" draggable=\"false\" src=\"https:\/\/gentianalutea.fr\/wp-content\/uploads\/2021\/02\/leabul1e.gif\" alt=\"\" \/> <span style=\"text-decoration: underline;\"><span style=\"color: #0000ff; text-decoration: underline;\">Conditionnement<\/span><\/span> adapt\u00e9<\/big><\/big><\/span><\/h2>\t\t\t\t\t\t\t\t<\/div>\n\t\t\t\t<\/div>\n\t\t\t\t\t<\/div>\n\t\t<\/div>\n\t\t\t\t<div class=\"elementor-column elementor-col-50 elementor-inner-column elementor-element elementor-element-9b28340\" data-id=\"9b28340\" data-element_type=\"column\" data-e-type=\"column\">\n\t\t\t<div class=\"elementor-widget-wrap\">\n\t\t\t\t\t\t\t<\/div>\n\t\t<\/div>\n\t\t\t\t\t<\/div>\n\t\t<\/section>\n\t\t\t\t\t<\/div>\n\t\t<\/div>\n\t\t\t\t\t<\/div>\n\t\t<\/section>\n\t\t\t\t<section class=\"elementor-section elementor-top-section elementor-element elementor-element-4ea3739 elementor-section-boxed elementor-section-height-default elementor-section-height-default\" data-id=\"4ea3739\" data-element_type=\"section\" data-e-type=\"section\">\n\t\t\t\t\t\t<div class=\"elementor-container elementor-column-gap-default\">\n\t\t\t\t\t<div class=\"elementor-column elementor-col-100 elementor-top-column elementor-element elementor-element-e16d38c\" data-id=\"e16d38c\" data-element_type=\"column\" data-e-type=\"column\">\n\t\t\t<div class=\"elementor-widget-wrap elementor-element-populated\">\n\t\t\t\t\t\t<div class=\"elementor-element elementor-element-11e41a0 elementor-widget elementor-widget-text-editor\" data-id=\"11e41a0\" data-element_type=\"widget\" data-e-type=\"widget\" data-widget_type=\"text-editor.default\">\n\t\t\t\t<div class=\"elementor-widget-container\">\n\t\t\t\t\t\t\t\t\t<h2><img decoding=\"async\" class=\"details-image\" draggable=\"false\" src=\"https:\/\/gentianalutea.fr\/wp-content\/uploads\/2021\/02\/leabul1e.gif\" alt=\"\" \/> <span style=\"color: #008000;\"><span style=\"text-decoration: underline;\"><span style=\"color: #0000ff; text-decoration: underline;\"><a style=\"color: #0000ff; text-decoration: underline;\" href=\"https:\/\/gentianalutea.fr\/index.php\/contact\/\">Contactez<\/a>-nous<\/span><\/span> pour avoir un devis<br \/><\/span><\/h2>\t\t\t\t\t\t\t\t<\/div>\n\t\t\t\t<\/div>\n\t\t\t\t\t<\/div>\n\t\t<\/div>\n\t\t\t\t\t<\/div>\n\t\t<\/section>\n\t\t\t\t<section class=\"elementor-section elementor-top-section elementor-element elementor-element-33d0a97 elementor-section-boxed elementor-section-height-default elementor-section-height-default\" data-id=\"33d0a97\" data-element_type=\"section\" data-e-type=\"section\">\n\t\t\t\t\t\t<div class=\"elementor-container elementor-column-gap-default\">\n\t\t\t\t\t<div class=\"elementor-column elementor-col-100 elementor-top-column elementor-element elementor-element-06d2ae9\" data-id=\"06d2ae9\" data-element_type=\"column\" data-e-type=\"column\">\n\t\t\t<div class=\"elementor-widget-wrap elementor-element-populated\">\n\t\t\t\t\t\t<div class=\"elementor-element elementor-element-32c0ba5 elementor-widget elementor-widget-text-editor\" data-id=\"32c0ba5\" data-element_type=\"widget\" data-e-type=\"widget\" data-widget_type=\"text-editor.default\">\n\t\t\t\t<div class=\"elementor-widget-container\">\n\t\t\t\t\t\t\t\t\t<h2><img decoding=\"async\" class=\"details-image\" draggable=\"false\" src=\"https:\/\/gentianalutea.fr\/wp-content\/uploads\/2021\/02\/leabul1e.gif\" alt=\"\" \/> <span style=\"color: #008000;\"><span style=\"text-decoration: underline; color: #0000ff;\"><a style=\"color: #0000ff; text-decoration: underline;\" href=\"https:\/\/gentianalutea.fr\/index.php\/echantillons-de-racines-de-gentiane\/\">Demandez-nous<\/a><\/span> des \u00e9chantillons<br \/><\/span><\/h2>\t\t\t\t\t\t\t\t<\/div>\n\t\t\t\t<\/div>\n\t\t\t\t\t<\/div>\n\t\t<\/div>\n\t\t\t\t\t<\/div>\n\t\t<\/section>\n\t\t\t\t<section class=\"elementor-section elementor-top-section elementor-element elementor-element-965b3f5 elementor-section-boxed elementor-section-height-default elementor-section-height-default\" data-id=\"965b3f5\" data-element_type=\"section\" data-e-type=\"section\">\n\t\t\t\t\t\t<div class=\"elementor-container elementor-column-gap-default\">\n\t\t\t\t\t<div class=\"elementor-column elementor-col-50 elementor-top-column elementor-element elementor-element-202ce97\" data-id=\"202ce97\" data-element_type=\"column\" data-e-type=\"column\">\n\t\t\t<div class=\"elementor-widget-wrap elementor-element-populated\">\n\t\t\t\t\t\t<div class=\"elementor-element elementor-element-2294dfb elementor-widget elementor-widget-text-editor\" data-id=\"2294dfb\" data-element_type=\"widget\" data-e-type=\"widget\" data-widget_type=\"text-editor.default\">\n\t\t\t\t<div class=\"elementor-widget-container\">\n\t\t\t\t\t\t\t\t\t<h2>Note : Pour les particuliers<\/h2>\t\t\t\t\t\t\t\t<\/div>\n\t\t\t\t<\/div>\n\t\t\t\t\t<\/div>\n\t\t<\/div>\n\t\t\t\t<div class=\"elementor-column elementor-col-50 elementor-top-column elementor-element elementor-element-3e4a176\" data-id=\"3e4a176\" data-element_type=\"column\" data-e-type=\"column\">\n\t\t\t<div class=\"elementor-widget-wrap\">\n\t\t\t\t\t\t\t<\/div>\n\t\t<\/div>\n\t\t\t\t\t<\/div>\n\t\t<\/section>\n\t\t\t\t<section class=\"elementor-section elementor-top-section elementor-element elementor-element-4e859c0 elementor-section-boxed elementor-section-height-default elementor-section-height-default\" data-id=\"4e859c0\" data-element_type=\"section\" data-e-type=\"section\">\n\t\t\t\t\t\t<div class=\"elementor-container elementor-column-gap-default\">\n\t\t\t\t\t<div class=\"elementor-column elementor-col-100 elementor-top-column elementor-element elementor-element-d64a55e\" data-id=\"d64a55e\" data-element_type=\"column\" data-e-type=\"column\">\n\t\t\t<div class=\"elementor-widget-wrap elementor-element-populated\">\n\t\t\t\t\t\t<div class=\"elementor-element elementor-element-859b09c elementor-widget elementor-widget-text-editor\" data-id=\"859b09c\" data-element_type=\"widget\" data-e-type=\"widget\" data-widget_type=\"text-editor.default\">\n\t\t\t\t<div class=\"elementor-widget-container\">\n\t\t\t\t\t\t\t\t\t<p>Vous \u00eates un particulier et recherchez des racines de gentiane en petite quantit\u00e9 ?<br \/>Vous trouverez ces racines sur <a href=\"https:\/\/racine-gentiane.com\"><span style=\"text-decoration: underline;\">racine-gentiane.com <\/span><\/a>!<\/p>\t\t\t\t\t\t\t\t<\/div>\n\t\t\t\t<\/div>\n\t\t\t\t\t<\/div>\n\t\t<\/div>\n\t\t\t\t\t<\/div>\n\t\t<\/section>\n\t\t\t\t<\/div>\n\t\t","protected":false},"excerpt":{"rendered":"<p>Nous vous livrons la quantit\u00e9 dont vous avez besoin De 10 kg \u00e0 5 tonnes du produit que vous avez choisi Livraison dans le monde entier Conditionnement adapt\u00e9 Contactez-nous pour avoir un devis Demandez-nous des \u00e9chantillons Note : Pour les particuliers Vous \u00eates un particulier et recherchez des racines de gentiane en petite quantit\u00e9 ?Vous [&hellip;]<\/p>\n","protected":false},"author":2,"featured_media":0,"parent":0,"menu_order":0,"comment_status":"closed","ping_status":"closed","template":"","meta":{"ocean_post_layout":"","ocean_both_sidebars_style":"","ocean_both_sidebars_content_width":0,"ocean_both_sidebars_sidebars_width":0,"ocean_sidebar":"0","ocean_second_sidebar":"0","ocean_disable_margins":"enable","ocean_add_body_class":"","ocean_shortcode_before_top_bar":"","ocean_shortcode_after_top_bar":"","ocean_shortcode_before_header":"","ocean_shortcode_after_header":"","ocean_has_shortcode":"","ocean_shortcode_after_title":"","ocean_shortcode_before_footer_widgets":"","ocean_shortcode_after_footer_widgets":"","ocean_shortcode_before_footer_bottom":"","ocean_shortcode_after_footer_bottom":"","ocean_display_top_bar":"default","ocean_display_header":"default","ocean_header_style":"","ocean_center_header_left_menu":"0","ocean_custom_header_template":"0","ocean_custom_logo":0,"ocean_custom_retina_logo":0,"ocean_custom_logo_max_width":0,"ocean_custom_logo_tablet_max_width":0,"ocean_custom_logo_mobile_max_width":0,"ocean_custom_logo_max_height":0,"ocean_custom_logo_tablet_max_height":0,"ocean_custom_logo_mobile_max_height":0,"ocean_header_custom_menu":"0","ocean_menu_typo_font_family":"0","ocean_menu_typo_font_subset":"","ocean_menu_typo_font_size":0,"ocean_menu_typo_font_size_tablet":0,"ocean_menu_typo_font_size_mobile":0,"ocean_menu_typo_font_size_unit":"px","ocean_menu_typo_font_weight":"","ocean_menu_typo_font_weight_tablet":"","ocean_menu_typo_font_weight_mobile":"","ocean_menu_typo_transform":"","ocean_menu_typo_transform_tablet":"","ocean_menu_typo_transform_mobile":"","ocean_menu_typo_line_height":0,"ocean_menu_typo_line_height_tablet":0,"ocean_menu_typo_line_height_mobile":0,"ocean_menu_typo_line_height_unit":"","ocean_menu_typo_spacing":0,"ocean_menu_typo_spacing_tablet":0,"ocean_menu_typo_spacing_mobile":0,"ocean_menu_typo_spacing_unit":"","ocean_menu_link_color":"","ocean_menu_link_color_hover":"","ocean_menu_link_color_active":"","ocean_menu_link_background":"","ocean_menu_link_hover_background":"","ocean_menu_link_active_background":"","ocean_menu_social_links_bg":"","ocean_menu_social_hover_links_bg":"","ocean_menu_social_links_color":"","ocean_menu_social_hover_links_color":"","ocean_disable_title":"default","ocean_disable_heading":"default","ocean_post_title":"","ocean_post_subheading":"","ocean_post_title_style":"","ocean_post_title_background_color":"","ocean_post_title_background":0,"ocean_post_title_bg_image_position":"","ocean_post_title_bg_image_attachment":"","ocean_post_title_bg_image_repeat":"","ocean_post_title_bg_image_size":"","ocean_post_title_height":0,"ocean_post_title_bg_overlay":0.5,"ocean_post_title_bg_overlay_color":"","ocean_disable_breadcrumbs":"default","ocean_breadcrumbs_color":"","ocean_breadcrumbs_separator_color":"","ocean_breadcrumbs_links_color":"","ocean_breadcrumbs_links_hover_color":"","ocean_display_footer_widgets":"default","ocean_display_footer_bottom":"default","ocean_custom_footer_template":"0","footnotes":""},"class_list":["post-2027","page","type-page","status-publish","hentry","entry","owp-thumbs-layout-horizontal","owp-btn-normal","owp-tabs-layout-horizontal","has-no-thumbnails","has-product-nav"],"yoast_head":"<!-- This site is optimized with the Yoast SEO plugin v27.4 - https:\/\/yoast.com\/product\/yoast-seo-wordpress\/ -->\n<title>Quantit\u00e9 de racines de gentiane command\u00e9e - Gentiana lutea - Gentiane jaune<\/title>\n<meta name=\"description\" content=\"Conditionnements adapt\u00e9s \u00e0 l&#039;exportation de racines de gentianes enti\u00e8res, de racines coup\u00e9es et de racines en poudre\" \/>\n<meta name=\"robots\" content=\"index, follow, max-snippet:-1, max-image-preview:large, max-video-preview:-1\" \/>\n<link rel=\"canonical\" href=\"https:\/\/gentianalutea.fr\/index.php\/quantite-de-racines-de-gentiane-commandee\/\" \/>\n<meta property=\"og:locale\" content=\"fr_FR\" \/>\n<meta property=\"og:type\" content=\"article\" \/>\n<meta property=\"og:title\" content=\"Quantit\u00e9 de racines de gentiane command\u00e9e - Gentiana lutea - Gentiane jaune\" \/>\n<meta property=\"og:description\" content=\"Conditionnements adapt\u00e9s \u00e0 l&#039;exportation de racines de gentianes enti\u00e8res, de racines coup\u00e9es et de racines en poudre\" \/>\n<meta property=\"og:url\" content=\"https:\/\/gentianalutea.fr\/index.php\/quantite-de-racines-de-gentiane-commandee\/\" \/>\n<meta property=\"og:site_name\" content=\"Gentiana lutea - Gentiane jaune\" \/>\n<meta property=\"article:modified_time\" content=\"2024-12-09T15:53:28+00:00\" \/>\n<meta property=\"og:image\" content=\"https:\/\/gentianalutea.fr\/wp-content\/uploads\/2021\/02\/leabul1e.gif\" \/>\n<meta name=\"twitter:card\" content=\"summary_large_image\" \/>\n<meta name=\"twitter:label1\" content=\"Dur\u00e9e de lecture estim\u00e9e\" \/>\n\t<meta name=\"twitter:data1\" content=\"2 minutes\" \/>\n<script type=\"application\/ld+json\" class=\"yoast-schema-graph\">{\"@context\":\"https:\\\/\\\/schema.org\",\"@graph\":[{\"@type\":\"WebPage\",\"@id\":\"https:\\\/\\\/gentianalutea.fr\\\/index.php\\\/quantite-de-racines-de-gentiane-commandee\\\/\",\"url\":\"https:\\\/\\\/gentianalutea.fr\\\/index.php\\\/quantite-de-racines-de-gentiane-commandee\\\/\",\"name\":\"Quantit\u00e9 de racines de gentiane command\u00e9e - Gentiana lutea - Gentiane jaune\",\"isPartOf\":{\"@id\":\"https:\\\/\\\/gentianalutea.fr\\\/#website\"},\"primaryImageOfPage\":{\"@id\":\"https:\\\/\\\/gentianalutea.fr\\\/index.php\\\/quantite-de-racines-de-gentiane-commandee\\\/#primaryimage\"},\"image\":{\"@id\":\"https:\\\/\\\/gentianalutea.fr\\\/index.php\\\/quantite-de-racines-de-gentiane-commandee\\\/#primaryimage\"},\"thumbnailUrl\":\"https:\\\/\\\/gentianalutea.fr\\\/wp-content\\\/uploads\\\/2021\\\/02\\\/leabul1e.gif\",\"datePublished\":\"2024-12-09T15:41:51+00:00\",\"dateModified\":\"2024-12-09T15:53:28+00:00\",\"description\":\"Conditionnements adapt\u00e9s \u00e0 l'exportation de racines de gentianes enti\u00e8res, de racines coup\u00e9es et de racines en poudre\",\"breadcrumb\":{\"@id\":\"https:\\\/\\\/gentianalutea.fr\\\/index.php\\\/quantite-de-racines-de-gentiane-commandee\\\/#breadcrumb\"},\"inLanguage\":\"fr-FR\",\"potentialAction\":[{\"@type\":\"ReadAction\",\"target\":[\"https:\\\/\\\/gentianalutea.fr\\\/index.php\\\/quantite-de-racines-de-gentiane-commandee\\\/\"]}]},{\"@type\":\"ImageObject\",\"inLanguage\":\"fr-FR\",\"@id\":\"https:\\\/\\\/gentianalutea.fr\\\/index.php\\\/quantite-de-racines-de-gentiane-commandee\\\/#primaryimage\",\"url\":\"https:\\\/\\\/gentianalutea.fr\\\/wp-content\\\/uploads\\\/2021\\\/02\\\/leabul1e.gif\",\"contentUrl\":\"https:\\\/\\\/gentianalutea.fr\\\/wp-content\\\/uploads\\\/2021\\\/02\\\/leabul1e.gif\",\"width\":20,\"height\":20},{\"@type\":\"BreadcrumbList\",\"@id\":\"https:\\\/\\\/gentianalutea.fr\\\/index.php\\\/quantite-de-racines-de-gentiane-commandee\\\/#breadcrumb\",\"itemListElement\":[{\"@type\":\"ListItem\",\"position\":1,\"name\":\"Accueil\",\"item\":\"https:\\\/\\\/gentianalutea.fr\\\/\"},{\"@type\":\"ListItem\",\"position\":2,\"name\":\"Quantit\u00e9 de racines de gentiane command\u00e9e\"}]},{\"@type\":\"WebSite\",\"@id\":\"https:\\\/\\\/gentianalutea.fr\\\/#website\",\"url\":\"https:\\\/\\\/gentianalutea.fr\\\/\",\"name\":\"Gentiana lutea - Gentiane jaune\",\"description\":\"Racines de gentiane Bio et Conventionnelles\",\"publisher\":{\"@id\":\"https:\\\/\\\/gentianalutea.fr\\\/#organization\"},\"alternateName\":\"Racines de gentiane en gros\",\"potentialAction\":[{\"@type\":\"SearchAction\",\"target\":{\"@type\":\"EntryPoint\",\"urlTemplate\":\"https:\\\/\\\/gentianalutea.fr\\\/?s={search_term_string}\"},\"query-input\":{\"@type\":\"PropertyValueSpecification\",\"valueRequired\":true,\"valueName\":\"search_term_string\"}}],\"inLanguage\":\"fr-FR\"},{\"@type\":\"Organization\",\"@id\":\"https:\\\/\\\/gentianalutea.fr\\\/#organization\",\"name\":\"Champimousse\",\"alternateName\":\"Gentiana lutea\",\"url\":\"https:\\\/\\\/gentianalutea.fr\\\/\",\"logo\":{\"@type\":\"ImageObject\",\"inLanguage\":\"fr-FR\",\"@id\":\"https:\\\/\\\/gentianalutea.fr\\\/#\\\/schema\\\/logo\\\/image\\\/\",\"url\":\"https:\\\/\\\/gentianalutea.fr\\\/wp-content\\\/uploads\\\/2023\\\/05\\\/cropped-En-tete-Champimousse.webp\",\"contentUrl\":\"https:\\\/\\\/gentianalutea.fr\\\/wp-content\\\/uploads\\\/2023\\\/05\\\/cropped-En-tete-Champimousse.webp\",\"width\":622,\"height\":171,\"caption\":\"Champimousse\"},\"image\":{\"@id\":\"https:\\\/\\\/gentianalutea.fr\\\/#\\\/schema\\\/logo\\\/image\\\/\"}}]}<\/script>\n<!-- \/ Yoast SEO plugin. -->","yoast_head_json":{"title":"Quantit\u00e9 de racines de gentiane command\u00e9e - Gentiana lutea - Gentiane jaune","description":"Conditionnements adapt\u00e9s \u00e0 l'exportation de racines de gentianes enti\u00e8res, de racines coup\u00e9es et de racines en poudre","robots":{"index":"index","follow":"follow","max-snippet":"max-snippet:-1","max-image-preview":"max-image-preview:large","max-video-preview":"max-video-preview:-1"},"canonical":"https:\/\/gentianalutea.fr\/index.php\/quantite-de-racines-de-gentiane-commandee\/","og_locale":"fr_FR","og_type":"article","og_title":"Quantit\u00e9 de racines de gentiane command\u00e9e - Gentiana lutea - Gentiane jaune","og_description":"Conditionnements adapt\u00e9s \u00e0 l'exportation de racines de gentianes enti\u00e8res, de racines coup\u00e9es et de racines en poudre","og_url":"https:\/\/gentianalutea.fr\/index.php\/quantite-de-racines-de-gentiane-commandee\/","og_site_name":"Gentiana lutea - Gentiane jaune","article_modified_time":"2024-12-09T15:53:28+00:00","og_image":[{"url":"https:\/\/gentianalutea.fr\/wp-content\/uploads\/2021\/02\/leabul1e.gif","type":"","width":"","height":""}],"twitter_card":"summary_large_image","twitter_misc":{"Dur\u00e9e de lecture estim\u00e9e":"2 minutes"},"schema":{"@context":"https:\/\/schema.org","@graph":[{"@type":"WebPage","@id":"https:\/\/gentianalutea.fr\/index.php\/quantite-de-racines-de-gentiane-commandee\/","url":"https:\/\/gentianalutea.fr\/index.php\/quantite-de-racines-de-gentiane-commandee\/","name":"Quantit\u00e9 de racines de gentiane command\u00e9e - Gentiana lutea - Gentiane jaune","isPartOf":{"@id":"https:\/\/gentianalutea.fr\/#website"},"primaryImageOfPage":{"@id":"https:\/\/gentianalutea.fr\/index.php\/quantite-de-racines-de-gentiane-commandee\/#primaryimage"},"image":{"@id":"https:\/\/gentianalutea.fr\/index.php\/quantite-de-racines-de-gentiane-commandee\/#primaryimage"},"thumbnailUrl":"https:\/\/gentianalutea.fr\/wp-content\/uploads\/2021\/02\/leabul1e.gif","datePublished":"2024-12-09T15:41:51+00:00","dateModified":"2024-12-09T15:53:28+00:00","description":"Conditionnements adapt\u00e9s \u00e0 l'exportation de racines de gentianes enti\u00e8res, de racines coup\u00e9es et de racines en poudre","breadcrumb":{"@id":"https:\/\/gentianalutea.fr\/index.php\/quantite-de-racines-de-gentiane-commandee\/#breadcrumb"},"inLanguage":"fr-FR","potentialAction":[{"@type":"ReadAction","target":["https:\/\/gentianalutea.fr\/index.php\/quantite-de-racines-de-gentiane-commandee\/"]}]},{"@type":"ImageObject","inLanguage":"fr-FR","@id":"https:\/\/gentianalutea.fr\/index.php\/quantite-de-racines-de-gentiane-commandee\/#primaryimage","url":"https:\/\/gentianalutea.fr\/wp-content\/uploads\/2021\/02\/leabul1e.gif","contentUrl":"https:\/\/gentianalutea.fr\/wp-content\/uploads\/2021\/02\/leabul1e.gif","width":20,"height":20},{"@type":"BreadcrumbList","@id":"https:\/\/gentianalutea.fr\/index.php\/quantite-de-racines-de-gentiane-commandee\/#breadcrumb","itemListElement":[{"@type":"ListItem","position":1,"name":"Accueil","item":"https:\/\/gentianalutea.fr\/"},{"@type":"ListItem","position":2,"name":"Quantit\u00e9 de racines de gentiane command\u00e9e"}]},{"@type":"WebSite","@id":"https:\/\/gentianalutea.fr\/#website","url":"https:\/\/gentianalutea.fr\/","name":"Gentiana lutea - Gentiane jaune","description":"Racines de gentiane Bio et Conventionnelles","publisher":{"@id":"https:\/\/gentianalutea.fr\/#organization"},"alternateName":"Racines de gentiane en gros","potentialAction":[{"@type":"SearchAction","target":{"@type":"EntryPoint","urlTemplate":"https:\/\/gentianalutea.fr\/?s={search_term_string}"},"query-input":{"@type":"PropertyValueSpecification","valueRequired":true,"valueName":"search_term_string"}}],"inLanguage":"fr-FR"},{"@type":"Organization","@id":"https:\/\/gentianalutea.fr\/#organization","name":"Champimousse","alternateName":"Gentiana lutea","url":"https:\/\/gentianalutea.fr\/","logo":{"@type":"ImageObject","inLanguage":"fr-FR","@id":"https:\/\/gentianalutea.fr\/#\/schema\/logo\/image\/","url":"https:\/\/gentianalutea.fr\/wp-content\/uploads\/2023\/05\/cropped-En-tete-Champimousse.webp","contentUrl":"https:\/\/gentianalutea.fr\/wp-content\/uploads\/2023\/05\/cropped-En-tete-Champimousse.webp","width":622,"height":171,"caption":"Champimousse"},"image":{"@id":"https:\/\/gentianalutea.fr\/#\/schema\/logo\/image\/"}}]}},"_links":{"self":[{"href":"https:\/\/gentianalutea.fr\/index.php\/wp-json\/wp\/v2\/pages\/2027","targetHints":{"allow":["GET"]}}],"collection":[{"href":"https:\/\/gentianalutea.fr\/index.php\/wp-json\/wp\/v2\/pages"}],"about":[{"href":"https:\/\/gentianalutea.fr\/index.php\/wp-json\/wp\/v2\/types\/page"}],"author":[{"embeddable":true,"href":"https:\/\/gentianalutea.fr\/index.php\/wp-json\/wp\/v2\/users\/2"}],"replies":[{"embeddable":true,"href":"https:\/\/gentianalutea.fr\/index.php\/wp-json\/wp\/v2\/comments?post=2027"}],"version-history":[{"count":16,"href":"https:\/\/gentianalutea.fr\/index.php\/wp-json\/wp\/v2\/pages\/2027\/revisions"}],"predecessor-version":[{"id":2045,"href":"https:\/\/gentianalutea.fr\/index.php\/wp-json\/wp\/v2\/pages\/2027\/revisions\/2045"}],"wp:attachment":[{"href":"https:\/\/gentianalutea.fr\/index.php\/wp-json\/wp\/v2\/media?parent=2027"}],"curies":[{"name":"wp","href":"https:\/\/api.w.org\/{rel}","templated":true}]}}