{"id":1421,"date":"2023-02-19T09:36:16","date_gmt":"2023-02-19T08:36:16","guid":{"rendered":"https:\/\/gentianalutea.fr\/?post_type=product&#038;p=1421"},"modified":"2024-03-21T22:57:50","modified_gmt":"2024-03-21T21:57:50","slug":"racines-de-gentiane-seches-bio-coupees-petits-morceaux","status":"publish","type":"product","link":"https:\/\/gentianalutea.fr\/index.php\/produit\/racines-de-gentiane-seches-bio-coupees-petits-morceaux\/","title":{"rendered":"Racine de gentiane s\u00e8che BIO coup\u00e9e petits morceaux"},"content":{"rendered":"<h1>B2B &#8211; racines de gentiane BIO coup\u00e9e en petits morceaux<\/h1>\n<h2><img fetchpriority=\"high\" decoding=\"async\" class=\"alignnone size-medium wp-image-1781\" src=\"https:\/\/gentianalutea.fr\/wp-content\/uploads\/2023\/05\/Gentiane-BIO-racine-coupee-petits-morceaux-300x300.webp\" alt=\"\" width=\"300\" height=\"300\" srcset=\"https:\/\/gentianalutea.fr\/wp-content\/uploads\/2023\/05\/Gentiane-BIO-racine-coupee-petits-morceaux-300x300.webp 300w, https:\/\/gentianalutea.fr\/wp-content\/uploads\/2023\/05\/Gentiane-BIO-racine-coupee-petits-morceaux-150x150.webp 150w, https:\/\/gentianalutea.fr\/wp-content\/uploads\/2023\/05\/Gentiane-BIO-racine-coupee-petits-morceaux-600x600.webp 600w, https:\/\/gentianalutea.fr\/wp-content\/uploads\/2023\/05\/Gentiane-BIO-racine-coupee-petits-morceaux-100x100.webp 100w, https:\/\/gentianalutea.fr\/wp-content\/uploads\/2023\/05\/Gentiane-BIO-racine-coupee-petits-morceaux.webp 764w\" sizes=\"(max-width: 300px) 100vw, 300px\" \/><\/h2>\n<h2>Les caract\u00e9ristiques de nos racines de gentiane BIO coup\u00e9es en petits morceaux<\/h2>\n<p>Les racines coup\u00e9es BIO Petites ont une taille inf\u00e9rieure \u00e0 1cm.<\/p>\n<p>Nous collectons des racines de gentiane jaune BIO &#8211; <em>Gentiana lutea radix<\/em>.<br \/>\nToute notre gentiane BIO provient du Massif Central fran\u00e7ais.<br \/>\nNous faisons s\u00e9cher ces racines et en proposons \u00e0 votre entreprise plusieurs types : enti\u00e8res, coup\u00e9es et en poudre.<\/p>\n<p>Nous mettons l&rsquo;accent sur la qualit\u00e9. C&rsquo;est pourquoi nous s\u00e9chons les racines rapidement apr\u00e8s l\u2019arrachage.<br \/>\nLa recherche de qualit\u00e9 explique aussi pourquoi nous stockons toutes les racines BIO dans un entrep\u00f4t d\u00e9di\u00e9 \u00e0 la gentiane BIO.<br \/>\nC&rsquo;est aussi pour garantir la qualit\u00e9 de vos racines de gentiane que nous les nettoyons m\u00e9caniquement et manuellement.<\/p>\n<h2>Votre cahier des charges<\/h2>\n<p><a href=\"https:\/\/gentianalutea.fr\/index.php\/contact\/\">Contactez-nous<\/a> pour que nous puissions conna\u00eetre <a href=\"https:\/\/gentianalutea.fr\/index.php\/commander\/\">vos besoins<\/a> et vous aider \u00e0 faire votre choix.<br \/>\nLa racine de gentiane coup\u00e9es BIO est une des <a href=\"https:\/\/gentianalutea.fr\/index.php\/presentation\/\">pr\u00e9sentations<\/a> que nous vous proposons.<br \/>\nNous offrons \u00e9galement plusieurs types de <a href=\"https:\/\/gentianalutea.fr\/index.php\/nos-conditionnements\/\">conditionnement<\/a>.<br \/>\nNous <a href=\"https:\/\/gentianalutea.fr\/index.php\/livraison\/\">livrons<\/a> dans le monde entier de 20kg \u00e0 plusieurs tonnes.<\/p>\n<p>Quand vous aurez pr\u00e9cis\u00e9 votre cahier des charges, nous vous ferons une offre.<\/p>\n<p>N&rsquo;h\u00e9sitez pas \u00e0 nous demander un \u00e9chantillon pour appr\u00e9cier le niveau de qualit\u00e9 de nos racines de gentiane BIO.<\/p>\n<h2>Note : Pour les particuliers<\/h2>\n<p>Vous \u00eates un particulier et recherchez des racines de gentiane coup\u00e9es BIO en petite quantit\u00e9 ?<br \/>\nVous trouverez ces racines sur <a href=\"http:\/\/racine-gentiane.com\">racine-gentiane.com<\/a> !<\/p>\n<p>&nbsp;<\/p>\n<p>&nbsp;<\/p>\n<p>&nbsp;<\/p>\n<p>&nbsp;<\/p>\n<p>&nbsp;<\/p>\n","protected":false},"excerpt":{"rendered":"<p>B2B &#8211; racines de gentiane BIO coup\u00e9e en petits morceaux Les caract\u00e9ristiques de nos racines de gentiane BIO coup\u00e9es en petits morceaux Les racines coup\u00e9es BIO Petites ont une taille inf\u00e9rieure \u00e0 1cm. Nous collectons des racines de gentiane jaune BIO &#8211; Gentiana lutea radix. Toute notre gentiane BIO provient du Massif Central fran\u00e7ais. Nous [&hellip;]<\/p>\n","protected":false},"featured_media":1781,"template":"","meta":{"ocean_post_layout":"","ocean_both_sidebars_style":"","ocean_both_sidebars_content_width":0,"ocean_both_sidebars_sidebars_width":0,"ocean_sidebar":"0","ocean_second_sidebar":"0","ocean_disable_margins":"enable","ocean_add_body_class":"","ocean_shortcode_before_top_bar":"","ocean_shortcode_after_top_bar":"","ocean_shortcode_before_header":"","ocean_shortcode_after_header":"","ocean_has_shortcode":"","ocean_shortcode_after_title":"","ocean_shortcode_before_footer_widgets":"","ocean_shortcode_after_footer_widgets":"","ocean_shortcode_before_footer_bottom":"","ocean_shortcode_after_footer_bottom":"","ocean_display_top_bar":"default","ocean_display_header":"default","ocean_header_style":"","ocean_center_header_left_menu":"0","ocean_custom_header_template":"0","ocean_custom_logo":0,"ocean_custom_retina_logo":0,"ocean_custom_logo_max_width":0,"ocean_custom_logo_tablet_max_width":0,"ocean_custom_logo_mobile_max_width":0,"ocean_custom_logo_max_height":0,"ocean_custom_logo_tablet_max_height":0,"ocean_custom_logo_mobile_max_height":0,"ocean_header_custom_menu":"0","ocean_menu_typo_font_family":"0","ocean_menu_typo_font_subset":"","ocean_menu_typo_font_size":0,"ocean_menu_typo_font_size_tablet":0,"ocean_menu_typo_font_size_mobile":0,"ocean_menu_typo_font_size_unit":"px","ocean_menu_typo_font_weight":"","ocean_menu_typo_font_weight_tablet":"","ocean_menu_typo_font_weight_mobile":"","ocean_menu_typo_transform":"","ocean_menu_typo_transform_tablet":"","ocean_menu_typo_transform_mobile":"","ocean_menu_typo_line_height":0,"ocean_menu_typo_line_height_tablet":0,"ocean_menu_typo_line_height_mobile":0,"ocean_menu_typo_line_height_unit":"","ocean_menu_typo_spacing":0,"ocean_menu_typo_spacing_tablet":0,"ocean_menu_typo_spacing_mobile":0,"ocean_menu_typo_spacing_unit":"","ocean_menu_link_color":"","ocean_menu_link_color_hover":"","ocean_menu_link_color_active":"","ocean_menu_link_background":"","ocean_menu_link_hover_background":"","ocean_menu_link_active_background":"","ocean_menu_social_links_bg":"","ocean_menu_social_hover_links_bg":"","ocean_menu_social_links_color":"","ocean_menu_social_hover_links_color":"","ocean_disable_title":"default","ocean_disable_heading":"default","ocean_post_title":"","ocean_post_subheading":"","ocean_post_title_style":"","ocean_post_title_background_color":"","ocean_post_title_background":0,"ocean_post_title_bg_image_position":"","ocean_post_title_bg_image_attachment":"","ocean_post_title_bg_image_repeat":"","ocean_post_title_bg_image_size":"","ocean_post_title_height":0,"ocean_post_title_bg_overlay":0.5,"ocean_post_title_bg_overlay_color":"","ocean_disable_breadcrumbs":"default","ocean_breadcrumbs_color":"","ocean_breadcrumbs_separator_color":"","ocean_breadcrumbs_links_color":"","ocean_breadcrumbs_links_hover_color":"","ocean_display_footer_widgets":"default","ocean_display_footer_bottom":"default","ocean_custom_footer_template":"0"},"product_brand":[],"product_cat":[54,27,23,53],"product_tag":[34,32],"class_list":{"0":"post-1421","1":"product","2":"type-product","3":"status-publish","4":"has-post-thumbnail","6":"product_cat-b2b","7":"product_cat-bio","8":"product_cat-gentiane","9":"product_cat-vente","10":"product_tag-coupees","11":"product_tag-petites","13":"entry","14":"has-media","16":"first","17":"instock","18":"shipping-taxable","19":"product-type-simple","20":"has-product-nav","21":"col","22":"span_1_of_5","23":"owp-content-center","24":"owp-thumbs-layout-horizontal","25":"owp-btn-normal","26":"owp-tabs-layout-horizontal","27":"has-no-thumbnails"},"yoast_head":"<!-- This site is optimized with the Yoast SEO plugin v27.4 - https:\/\/yoast.com\/product\/yoast-seo-wordpress\/ -->\n<title>Racine de gentiane s\u00e8che BIO coup\u00e9e petits morceaux - Gentiana lutea - Gentiane jaune<\/title>\n<meta name=\"robots\" content=\"index, follow, max-snippet:-1, max-image-preview:large, max-video-preview:-1\" \/>\n<link rel=\"canonical\" href=\"https:\/\/gentianalutea.fr\/index.php\/produit\/racines-de-gentiane-seches-bio-coupees-petits-morceaux\/\" \/>\n<meta property=\"og:locale\" content=\"fr_FR\" \/>\n<meta property=\"og:type\" content=\"article\" \/>\n<meta property=\"og:title\" content=\"Racine de gentiane s\u00e8che BIO coup\u00e9e petits morceaux - Gentiana lutea - Gentiane jaune\" \/>\n<meta property=\"og:description\" content=\"B2B &#8211; racines de gentiane BIO coup\u00e9e en petits morceaux Les caract\u00e9ristiques de nos racines de gentiane BIO coup\u00e9es en petits morceaux Les racines coup\u00e9es BIO Petites ont une taille inf\u00e9rieure \u00e0 1cm. Nous collectons des racines de gentiane jaune BIO &#8211; Gentiana lutea radix. Toute notre gentiane BIO provient du Massif Central fran\u00e7ais. Nous [&hellip;]\" \/>\n<meta property=\"og:url\" content=\"https:\/\/gentianalutea.fr\/index.php\/produit\/racines-de-gentiane-seches-bio-coupees-petits-morceaux\/\" \/>\n<meta property=\"og:site_name\" content=\"Gentiana lutea - Gentiane jaune\" \/>\n<meta property=\"article:modified_time\" content=\"2024-03-21T21:57:50+00:00\" \/>\n<meta property=\"og:image\" content=\"https:\/\/gentianalutea.fr\/wp-content\/uploads\/2023\/05\/Gentiane-BIO-racine-coupee-petits-morceaux.webp\" \/>\n\t<meta property=\"og:image:width\" content=\"764\" \/>\n\t<meta property=\"og:image:height\" content=\"764\" \/>\n\t<meta property=\"og:image:type\" content=\"image\/webp\" \/>\n<meta name=\"twitter:card\" content=\"summary_large_image\" \/>\n<meta name=\"twitter:label1\" content=\"Dur\u00e9e de lecture estim\u00e9e\" \/>\n\t<meta name=\"twitter:data1\" content=\"2 minutes\" \/>\n<script type=\"application\/ld+json\" class=\"yoast-schema-graph\">{\"@context\":\"https:\\\/\\\/schema.org\",\"@graph\":[{\"@type\":\"WebPage\",\"@id\":\"https:\\\/\\\/gentianalutea.fr\\\/index.php\\\/produit\\\/racines-de-gentiane-seches-bio-coupees-petits-morceaux\\\/\",\"url\":\"https:\\\/\\\/gentianalutea.fr\\\/index.php\\\/produit\\\/racines-de-gentiane-seches-bio-coupees-petits-morceaux\\\/\",\"name\":\"Racine de gentiane s\u00e8che BIO coup\u00e9e petits morceaux - Gentiana lutea - Gentiane jaune\",\"isPartOf\":{\"@id\":\"https:\\\/\\\/gentianalutea.fr\\\/#website\"},\"primaryImageOfPage\":{\"@id\":\"https:\\\/\\\/gentianalutea.fr\\\/index.php\\\/produit\\\/racines-de-gentiane-seches-bio-coupees-petits-morceaux\\\/#primaryimage\"},\"image\":{\"@id\":\"https:\\\/\\\/gentianalutea.fr\\\/index.php\\\/produit\\\/racines-de-gentiane-seches-bio-coupees-petits-morceaux\\\/#primaryimage\"},\"thumbnailUrl\":\"https:\\\/\\\/gentianalutea.fr\\\/wp-content\\\/uploads\\\/2023\\\/05\\\/Gentiane-BIO-racine-coupee-petits-morceaux.webp\",\"datePublished\":\"2023-02-19T08:36:16+00:00\",\"dateModified\":\"2024-03-21T21:57:50+00:00\",\"breadcrumb\":{\"@id\":\"https:\\\/\\\/gentianalutea.fr\\\/index.php\\\/produit\\\/racines-de-gentiane-seches-bio-coupees-petits-morceaux\\\/#breadcrumb\"},\"inLanguage\":\"fr-FR\",\"potentialAction\":[{\"@type\":\"ReadAction\",\"target\":[\"https:\\\/\\\/gentianalutea.fr\\\/index.php\\\/produit\\\/racines-de-gentiane-seches-bio-coupees-petits-morceaux\\\/\"]}]},{\"@type\":\"ImageObject\",\"inLanguage\":\"fr-FR\",\"@id\":\"https:\\\/\\\/gentianalutea.fr\\\/index.php\\\/produit\\\/racines-de-gentiane-seches-bio-coupees-petits-morceaux\\\/#primaryimage\",\"url\":\"https:\\\/\\\/gentianalutea.fr\\\/wp-content\\\/uploads\\\/2023\\\/05\\\/Gentiane-BIO-racine-coupee-petits-morceaux.webp\",\"contentUrl\":\"https:\\\/\\\/gentianalutea.fr\\\/wp-content\\\/uploads\\\/2023\\\/05\\\/Gentiane-BIO-racine-coupee-petits-morceaux.webp\",\"width\":764,\"height\":764},{\"@type\":\"BreadcrumbList\",\"@id\":\"https:\\\/\\\/gentianalutea.fr\\\/index.php\\\/produit\\\/racines-de-gentiane-seches-bio-coupees-petits-morceaux\\\/#breadcrumb\",\"itemListElement\":[{\"@type\":\"ListItem\",\"position\":1,\"name\":\"Accueil\",\"item\":\"https:\\\/\\\/gentianalutea.fr\\\/\"},{\"@type\":\"ListItem\",\"position\":2,\"name\":\"Boutique\",\"item\":\"https:\\\/\\\/gentianalutea.fr\\\/index.php\\\/boutique\\\/\"},{\"@type\":\"ListItem\",\"position\":3,\"name\":\"Racine de gentiane s\u00e8che BIO coup\u00e9e petits morceaux\"}]},{\"@type\":\"WebSite\",\"@id\":\"https:\\\/\\\/gentianalutea.fr\\\/#website\",\"url\":\"https:\\\/\\\/gentianalutea.fr\\\/\",\"name\":\"Gentiana lutea - Gentiane jaune\",\"description\":\"Racines de gentiane Bio et Conventionnelles\",\"publisher\":{\"@id\":\"https:\\\/\\\/gentianalutea.fr\\\/#organization\"},\"alternateName\":\"Racines de gentiane en gros\",\"potentialAction\":[{\"@type\":\"SearchAction\",\"target\":{\"@type\":\"EntryPoint\",\"urlTemplate\":\"https:\\\/\\\/gentianalutea.fr\\\/?s={search_term_string}\"},\"query-input\":{\"@type\":\"PropertyValueSpecification\",\"valueRequired\":true,\"valueName\":\"search_term_string\"}}],\"inLanguage\":\"fr-FR\"},{\"@type\":\"Organization\",\"@id\":\"https:\\\/\\\/gentianalutea.fr\\\/#organization\",\"name\":\"Champimousse\",\"alternateName\":\"Gentiana lutea\",\"url\":\"https:\\\/\\\/gentianalutea.fr\\\/\",\"logo\":{\"@type\":\"ImageObject\",\"inLanguage\":\"fr-FR\",\"@id\":\"https:\\\/\\\/gentianalutea.fr\\\/#\\\/schema\\\/logo\\\/image\\\/\",\"url\":\"https:\\\/\\\/gentianalutea.fr\\\/wp-content\\\/uploads\\\/2023\\\/05\\\/cropped-En-tete-Champimousse.webp\",\"contentUrl\":\"https:\\\/\\\/gentianalutea.fr\\\/wp-content\\\/uploads\\\/2023\\\/05\\\/cropped-En-tete-Champimousse.webp\",\"width\":622,\"height\":171,\"caption\":\"Champimousse\"},\"image\":{\"@id\":\"https:\\\/\\\/gentianalutea.fr\\\/#\\\/schema\\\/logo\\\/image\\\/\"}}]}<\/script>\n<!-- \/ Yoast SEO plugin. -->","yoast_head_json":{"title":"Racine de gentiane s\u00e8che BIO coup\u00e9e petits morceaux - Gentiana lutea - Gentiane jaune","robots":{"index":"index","follow":"follow","max-snippet":"max-snippet:-1","max-image-preview":"max-image-preview:large","max-video-preview":"max-video-preview:-1"},"canonical":"https:\/\/gentianalutea.fr\/index.php\/produit\/racines-de-gentiane-seches-bio-coupees-petits-morceaux\/","og_locale":"fr_FR","og_type":"article","og_title":"Racine de gentiane s\u00e8che BIO coup\u00e9e petits morceaux - Gentiana lutea - Gentiane jaune","og_description":"B2B &#8211; racines de gentiane BIO coup\u00e9e en petits morceaux Les caract\u00e9ristiques de nos racines de gentiane BIO coup\u00e9es en petits morceaux Les racines coup\u00e9es BIO Petites ont une taille inf\u00e9rieure \u00e0 1cm. Nous collectons des racines de gentiane jaune BIO &#8211; Gentiana lutea radix. Toute notre gentiane BIO provient du Massif Central fran\u00e7ais. Nous [&hellip;]","og_url":"https:\/\/gentianalutea.fr\/index.php\/produit\/racines-de-gentiane-seches-bio-coupees-petits-morceaux\/","og_site_name":"Gentiana lutea - Gentiane jaune","article_modified_time":"2024-03-21T21:57:50+00:00","og_image":[{"width":764,"height":764,"url":"https:\/\/gentianalutea.fr\/wp-content\/uploads\/2023\/05\/Gentiane-BIO-racine-coupee-petits-morceaux.webp","type":"image\/webp"}],"twitter_card":"summary_large_image","twitter_misc":{"Dur\u00e9e de lecture estim\u00e9e":"2 minutes"},"schema":{"@context":"https:\/\/schema.org","@graph":[{"@type":"WebPage","@id":"https:\/\/gentianalutea.fr\/index.php\/produit\/racines-de-gentiane-seches-bio-coupees-petits-morceaux\/","url":"https:\/\/gentianalutea.fr\/index.php\/produit\/racines-de-gentiane-seches-bio-coupees-petits-morceaux\/","name":"Racine de gentiane s\u00e8che BIO coup\u00e9e petits morceaux - Gentiana lutea - Gentiane jaune","isPartOf":{"@id":"https:\/\/gentianalutea.fr\/#website"},"primaryImageOfPage":{"@id":"https:\/\/gentianalutea.fr\/index.php\/produit\/racines-de-gentiane-seches-bio-coupees-petits-morceaux\/#primaryimage"},"image":{"@id":"https:\/\/gentianalutea.fr\/index.php\/produit\/racines-de-gentiane-seches-bio-coupees-petits-morceaux\/#primaryimage"},"thumbnailUrl":"https:\/\/gentianalutea.fr\/wp-content\/uploads\/2023\/05\/Gentiane-BIO-racine-coupee-petits-morceaux.webp","datePublished":"2023-02-19T08:36:16+00:00","dateModified":"2024-03-21T21:57:50+00:00","breadcrumb":{"@id":"https:\/\/gentianalutea.fr\/index.php\/produit\/racines-de-gentiane-seches-bio-coupees-petits-morceaux\/#breadcrumb"},"inLanguage":"fr-FR","potentialAction":[{"@type":"ReadAction","target":["https:\/\/gentianalutea.fr\/index.php\/produit\/racines-de-gentiane-seches-bio-coupees-petits-morceaux\/"]}]},{"@type":"ImageObject","inLanguage":"fr-FR","@id":"https:\/\/gentianalutea.fr\/index.php\/produit\/racines-de-gentiane-seches-bio-coupees-petits-morceaux\/#primaryimage","url":"https:\/\/gentianalutea.fr\/wp-content\/uploads\/2023\/05\/Gentiane-BIO-racine-coupee-petits-morceaux.webp","contentUrl":"https:\/\/gentianalutea.fr\/wp-content\/uploads\/2023\/05\/Gentiane-BIO-racine-coupee-petits-morceaux.webp","width":764,"height":764},{"@type":"BreadcrumbList","@id":"https:\/\/gentianalutea.fr\/index.php\/produit\/racines-de-gentiane-seches-bio-coupees-petits-morceaux\/#breadcrumb","itemListElement":[{"@type":"ListItem","position":1,"name":"Accueil","item":"https:\/\/gentianalutea.fr\/"},{"@type":"ListItem","position":2,"name":"Boutique","item":"https:\/\/gentianalutea.fr\/index.php\/boutique\/"},{"@type":"ListItem","position":3,"name":"Racine de gentiane s\u00e8che BIO coup\u00e9e petits morceaux"}]},{"@type":"WebSite","@id":"https:\/\/gentianalutea.fr\/#website","url":"https:\/\/gentianalutea.fr\/","name":"Gentiana lutea - Gentiane jaune","description":"Racines de gentiane Bio et Conventionnelles","publisher":{"@id":"https:\/\/gentianalutea.fr\/#organization"},"alternateName":"Racines de gentiane en gros","potentialAction":[{"@type":"SearchAction","target":{"@type":"EntryPoint","urlTemplate":"https:\/\/gentianalutea.fr\/?s={search_term_string}"},"query-input":{"@type":"PropertyValueSpecification","valueRequired":true,"valueName":"search_term_string"}}],"inLanguage":"fr-FR"},{"@type":"Organization","@id":"https:\/\/gentianalutea.fr\/#organization","name":"Champimousse","alternateName":"Gentiana lutea","url":"https:\/\/gentianalutea.fr\/","logo":{"@type":"ImageObject","inLanguage":"fr-FR","@id":"https:\/\/gentianalutea.fr\/#\/schema\/logo\/image\/","url":"https:\/\/gentianalutea.fr\/wp-content\/uploads\/2023\/05\/cropped-En-tete-Champimousse.webp","contentUrl":"https:\/\/gentianalutea.fr\/wp-content\/uploads\/2023\/05\/cropped-En-tete-Champimousse.webp","width":622,"height":171,"caption":"Champimousse"},"image":{"@id":"https:\/\/gentianalutea.fr\/#\/schema\/logo\/image\/"}}]}},"_links":{"self":[{"href":"https:\/\/gentianalutea.fr\/index.php\/wp-json\/wp\/v2\/product\/1421","targetHints":{"allow":["GET"]}}],"collection":[{"href":"https:\/\/gentianalutea.fr\/index.php\/wp-json\/wp\/v2\/product"}],"about":[{"href":"https:\/\/gentianalutea.fr\/index.php\/wp-json\/wp\/v2\/types\/product"}],"version-history":[{"count":1,"href":"https:\/\/gentianalutea.fr\/index.php\/wp-json\/wp\/v2\/product\/1421\/revisions"}],"predecessor-version":[{"id":1977,"href":"https:\/\/gentianalutea.fr\/index.php\/wp-json\/wp\/v2\/product\/1421\/revisions\/1977"}],"wp:featuredmedia":[{"embeddable":true,"href":"https:\/\/gentianalutea.fr\/index.php\/wp-json\/wp\/v2\/media\/1781"}],"wp:attachment":[{"href":"https:\/\/gentianalutea.fr\/index.php\/wp-json\/wp\/v2\/media?parent=1421"}],"wp:term":[{"taxonomy":"product_brand","embeddable":true,"href":"https:\/\/gentianalutea.fr\/index.php\/wp-json\/wp\/v2\/product_brand?post=1421"},{"taxonomy":"product_cat","embeddable":true,"href":"https:\/\/gentianalutea.fr\/index.php\/wp-json\/wp\/v2\/product_cat?post=1421"},{"taxonomy":"product_tag","embeddable":true,"href":"https:\/\/gentianalutea.fr\/index.php\/wp-json\/wp\/v2\/product_tag?post=1421"}],"curies":[{"name":"wp","href":"https:\/\/api.w.org\/{rel}","templated":true}]}}